{"id":370,"date":"2018-08-18T17:23:52","date_gmt":"2018-08-18T15:23:52","guid":{"rendered":"http:\/\/cancer-chien-chat.vetagro-sup.fr\/?page_id=370"},"modified":"2018-11-27T17:00:43","modified_gmt":"2018-11-27T16:00:43","slug":"accueil","status":"publish","type":"page","link":"http:\/\/cancer-chien-chat.vetagro-sup.fr\/","title":{"rendered":"Bienvenue sur le site du Service de Canc\u00e9rologie de VetAgro Sup"},"content":{"rendered":"<h1 style=\"text-align: center;\">\u00a0<span style=\"color: #ff6600;\"><strong>Bienvenue sur Mon Animal et son Cancer<\/strong><\/span><\/h1>\n<p>&nbsp;<\/p>\n<p style=\"text-align: justify;\"><span style=\"color: #000000;\">Bienvenue sur le site officiel du Service de Canc\u00e9rologie de VetAgro Sup, campus v\u00e9t\u00e9rinaire de Lyon, traitant de la canc\u00e9rologie v\u00e9t\u00e9rinaire et consacr\u00e9 aux propri\u00e9taires de nos compagnons \u00e0 quatre pattes\u00a0!<\/span><\/p>\n<p style=\"text-align: justify;\"><span style=\"color: #000000;\">Ce site a pour objectif de r\u00e9pondre aux questions que vous vous posez bien naturellement, d\u2019\u00e9voquer avec vous certains aspects de la canc\u00e9rologie importants \u00e0 connaitre, de vous permettre de \u00a0comprendre la maladie dont votre animal est atteint, de pr\u00e9senter simplement les solutions qui existent face au cancer, car oui, dans beaucoup de cas, il en existe et le cancer<\/span> <strong>n&rsquo;est <\/strong><strong>pas<\/strong> synonyme de condamnation !!!<\/p>\n<p style=\"text-align: justify;\">Attention, ce site ne se substitue en aucun cas \u00e0 l\u2019avis d\u2019un v\u00e9t\u00e9rinaire ! Votre v\u00e9t\u00e9rinaire est le plus \u00e0 m\u00eame de vous conseiller car s&rsquo;il est possible d&rsquo;\u00e9noncer des g\u00e9n\u00e9ralit\u00e9s, il est n\u00e9cessaire de prendre en compte les particularit\u00e9s propres \u00e0 votre animal et \u00e0 votre situation.<\/p>\n<p style=\"text-align: justify;\">En effet, votre animal n\u2019a pas <strong>LE<\/strong> cancer mais <strong>UN<\/strong> cancer et votre animal est unique. Son organisme va r\u00e9agir de fa\u00e7on tout \u00e0 fait personnelle au d\u00e9veloppement de ce cancer.<\/p>\n<p style=\"text-align: justify;\">Les soins qui seront propos\u00e9s seront donc <strong>adapt\u00e9s<\/strong> \u00e0 votre animal, avec pour objectif prioritaire <strong>sa qualit\u00e9 de vie<\/strong> en <strong>excluant tout acharnement th\u00e9rapeutique<\/strong>, afin d\u2019am\u00e9liorer son esp\u00e9rance de vie, voire de le gu\u00e9rir et lui permettre ainsi de retrouver une vie la plus normale possible dans sa famille.<\/p>\n<p>&nbsp;<\/p>\n<p>&nbsp;<\/p>\n<h1 style=\"text-align: center;\"><strong><em>Nous vous souhaitons une agr\u00e9able visite !<\/em><\/strong><\/h1>\n<p>&nbsp;<\/p>\n<p><img loading=\"lazy\" decoding=\"async\" class=\"size-full wp-image-947 aligncenter\" src=\"http:\/\/cancer-chien-chat.vetagro-sup.fr\/wp-content\/uploads\/2018\/10\/logo.png\" alt=\"\" width=\"222\" height=\"288\" \/><\/p>\n","protected":false},"excerpt":{"rendered":"<p>\u00a0Bienvenue sur Mon Animal et son Cancer &nbsp; Bienvenue sur le site officiel du Service de Canc\u00e9rologie de VetAgro Sup, campus v\u00e9t\u00e9rinaire de Lyon, traitant de la canc\u00e9rologie v\u00e9t\u00e9rinaire et consacr\u00e9 aux propri\u00e9taires de nos compagnons \u00e0 quatre pattes\u00a0! Ce site a pour objectif de r\u00e9pondre aux questions que vous vous posez bien naturellement, d\u2019\u00e9voquer &hellip; <\/p>\n<p class=\"link-more\"><a href=\"http:\/\/cancer-chien-chat.vetagro-sup.fr\/\" class=\"more-link\">Continuer la lecture<span class=\"screen-reader-text\"> de &laquo;&nbsp;Bienvenue sur le site du Service de Canc\u00e9rologie de VetAgro Sup&nbsp;&raquo;<\/span><\/a><\/p>\n","protected":false},"author":2,"featured_media":0,"parent":0,"menu_order":0,"comment_status":"closed","ping_status":"closed","template":"","meta":{"footnotes":""},"class_list":["post-370","page","type-page","status-publish","hentry"],"yoast_head":"<!-- This site is optimized with the Yoast SEO plugin v27.5 - https:\/\/yoast.com\/product\/yoast-seo-wordpress\/ -->\n<title>Bienvenue sur le site du Service de Canc\u00e9rologie de VetAgro Sup - Mon Animal et son Cancer<\/title>\n<meta name=\"robots\" content=\"index, follow, max-snippet:-1, max-image-preview:large, max-video-preview:-1\" \/>\n<link rel=\"canonical\" href=\"http:\/\/cancer-chien-chat.vetagro-sup.fr\/\" \/>\n<meta property=\"og:locale\" content=\"fr_FR\" \/>\n<meta property=\"og:type\" content=\"article\" \/>\n<meta property=\"og:title\" content=\"Bienvenue sur le site du Service de Canc\u00e9rologie de VetAgro Sup - Mon Animal et son Cancer\" \/>\n<meta property=\"og:description\" content=\"\u00a0Bienvenue sur Mon Animal et son Cancer &nbsp; Bienvenue sur le site officiel du Service de Canc\u00e9rologie de VetAgro Sup, campus v\u00e9t\u00e9rinaire de Lyon, traitant de la canc\u00e9rologie v\u00e9t\u00e9rinaire et consacr\u00e9 aux propri\u00e9taires de nos compagnons \u00e0 quatre pattes\u00a0! Ce site a pour objectif de r\u00e9pondre aux questions que vous vous posez bien naturellement, d\u2019\u00e9voquer &hellip; Continuer la lecture de &laquo;&nbsp;Bienvenue sur le site du Service de Canc\u00e9rologie de VetAgro Sup&nbsp;&raquo;\" \/>\n<meta property=\"og:url\" content=\"http:\/\/cancer-chien-chat.vetagro-sup.fr\/\" \/>\n<meta property=\"og:site_name\" content=\"Mon Animal et son Cancer\" \/>\n<meta property=\"article:modified_time\" content=\"2018-11-27T16:00:43+00:00\" \/>\n<meta property=\"og:image\" content=\"http:\/\/cancer-chien-chat.vetagro-sup.fr\/wp-content\/uploads\/2018\/10\/logo.png\" \/>\n<meta name=\"twitter:card\" content=\"summary_large_image\" \/>\n<meta name=\"twitter:label1\" content=\"Dur\u00e9e de lecture estim\u00e9e\" \/>\n\t<meta name=\"twitter:data1\" content=\"1 minute\" \/>\n<script type=\"application\/ld+json\" class=\"yoast-schema-graph\">{\"@context\":\"https:\\\/\\\/schema.org\",\"@graph\":[{\"@type\":\"WebPage\",\"@id\":\"http:\\\/\\\/cancer-chien-chat.vetagro-sup.fr\\\/\",\"url\":\"http:\\\/\\\/cancer-chien-chat.vetagro-sup.fr\\\/\",\"name\":\"Bienvenue sur le site du Service de Canc\u00e9rologie de VetAgro Sup - Mon Animal et son Cancer\",\"isPartOf\":{\"@id\":\"http:\\\/\\\/cancer-chien-chat.vetagro-sup.fr\\\/#website\"},\"primaryImageOfPage\":{\"@id\":\"http:\\\/\\\/cancer-chien-chat.vetagro-sup.fr\\\/#primaryimage\"},\"image\":{\"@id\":\"http:\\\/\\\/cancer-chien-chat.vetagro-sup.fr\\\/#primaryimage\"},\"thumbnailUrl\":\"http:\\\/\\\/cancer-chien-chat.vetagro-sup.fr\\\/wp-content\\\/uploads\\\/2018\\\/10\\\/logo.png\",\"datePublished\":\"2018-08-18T15:23:52+00:00\",\"dateModified\":\"2018-11-27T16:00:43+00:00\",\"breadcrumb\":{\"@id\":\"http:\\\/\\\/cancer-chien-chat.vetagro-sup.fr\\\/#breadcrumb\"},\"inLanguage\":\"fr-FR\",\"potentialAction\":[{\"@type\":\"ReadAction\",\"target\":[\"http:\\\/\\\/cancer-chien-chat.vetagro-sup.fr\\\/\"]}]},{\"@type\":\"ImageObject\",\"inLanguage\":\"fr-FR\",\"@id\":\"http:\\\/\\\/cancer-chien-chat.vetagro-sup.fr\\\/#primaryimage\",\"url\":\"http:\\\/\\\/cancer-chien-chat.vetagro-sup.fr\\\/wp-content\\\/uploads\\\/2018\\\/10\\\/logo.png\",\"contentUrl\":\"http:\\\/\\\/cancer-chien-chat.vetagro-sup.fr\\\/wp-content\\\/uploads\\\/2018\\\/10\\\/logo.png\",\"width\":222,\"height\":288},{\"@type\":\"BreadcrumbList\",\"@id\":\"http:\\\/\\\/cancer-chien-chat.vetagro-sup.fr\\\/#breadcrumb\",\"itemListElement\":[{\"@type\":\"ListItem\",\"position\":1,\"name\":\"Accueil\",\"item\":\"http:\\\/\\\/cancer-chien-chat.vetagro-sup.fr\\\/\"},{\"@type\":\"ListItem\",\"position\":2,\"name\":\"Bienvenue sur le site du Service de Canc\u00e9rologie de VetAgro Sup\"}]},{\"@type\":\"WebSite\",\"@id\":\"http:\\\/\\\/cancer-chien-chat.vetagro-sup.fr\\\/#website\",\"url\":\"http:\\\/\\\/cancer-chien-chat.vetagro-sup.fr\\\/\",\"name\":\"Mon Animal et son Cancer\",\"description\":\"Site de canc\u00e9rologie v\u00e9t\u00e9rinaire destin\u00e9 aux propri\u00e9taires de chiens et de chats atteints d&#039;un cancer.\",\"potentialAction\":[{\"@type\":\"SearchAction\",\"target\":{\"@type\":\"EntryPoint\",\"urlTemplate\":\"http:\\\/\\\/cancer-chien-chat.vetagro-sup.fr\\\/?s={search_term_string}\"},\"query-input\":{\"@type\":\"PropertyValueSpecification\",\"valueRequired\":true,\"valueName\":\"search_term_string\"}}],\"inLanguage\":\"fr-FR\"}]}<\/script>\n<!-- \/ Yoast SEO plugin. -->","yoast_head_json":{"title":"Bienvenue sur le site du Service de Canc\u00e9rologie de VetAgro Sup - Mon Animal et son Cancer","robots":{"index":"index","follow":"follow","max-snippet":"max-snippet:-1","max-image-preview":"max-image-preview:large","max-video-preview":"max-video-preview:-1"},"canonical":"http:\/\/cancer-chien-chat.vetagro-sup.fr\/","og_locale":"fr_FR","og_type":"article","og_title":"Bienvenue sur le site du Service de Canc\u00e9rologie de VetAgro Sup - Mon Animal et son Cancer","og_description":"\u00a0Bienvenue sur Mon Animal et son Cancer &nbsp; Bienvenue sur le site officiel du Service de Canc\u00e9rologie de VetAgro Sup, campus v\u00e9t\u00e9rinaire de Lyon, traitant de la canc\u00e9rologie v\u00e9t\u00e9rinaire et consacr\u00e9 aux propri\u00e9taires de nos compagnons \u00e0 quatre pattes\u00a0! Ce site a pour objectif de r\u00e9pondre aux questions que vous vous posez bien naturellement, d\u2019\u00e9voquer &hellip; Continuer la lecture de &laquo;&nbsp;Bienvenue sur le site du Service de Canc\u00e9rologie de VetAgro Sup&nbsp;&raquo;","og_url":"http:\/\/cancer-chien-chat.vetagro-sup.fr\/","og_site_name":"Mon Animal et son Cancer","article_modified_time":"2018-11-27T16:00:43+00:00","og_image":[{"url":"http:\/\/cancer-chien-chat.vetagro-sup.fr\/wp-content\/uploads\/2018\/10\/logo.png","type":"","width":"","height":""}],"twitter_card":"summary_large_image","twitter_misc":{"Dur\u00e9e de lecture estim\u00e9e":"1 minute"},"schema":{"@context":"https:\/\/schema.org","@graph":[{"@type":"WebPage","@id":"http:\/\/cancer-chien-chat.vetagro-sup.fr\/","url":"http:\/\/cancer-chien-chat.vetagro-sup.fr\/","name":"Bienvenue sur le site du Service de Canc\u00e9rologie de VetAgro Sup - Mon Animal et son Cancer","isPartOf":{"@id":"http:\/\/cancer-chien-chat.vetagro-sup.fr\/#website"},"primaryImageOfPage":{"@id":"http:\/\/cancer-chien-chat.vetagro-sup.fr\/#primaryimage"},"image":{"@id":"http:\/\/cancer-chien-chat.vetagro-sup.fr\/#primaryimage"},"thumbnailUrl":"http:\/\/cancer-chien-chat.vetagro-sup.fr\/wp-content\/uploads\/2018\/10\/logo.png","datePublished":"2018-08-18T15:23:52+00:00","dateModified":"2018-11-27T16:00:43+00:00","breadcrumb":{"@id":"http:\/\/cancer-chien-chat.vetagro-sup.fr\/#breadcrumb"},"inLanguage":"fr-FR","potentialAction":[{"@type":"ReadAction","target":["http:\/\/cancer-chien-chat.vetagro-sup.fr\/"]}]},{"@type":"ImageObject","inLanguage":"fr-FR","@id":"http:\/\/cancer-chien-chat.vetagro-sup.fr\/#primaryimage","url":"http:\/\/cancer-chien-chat.vetagro-sup.fr\/wp-content\/uploads\/2018\/10\/logo.png","contentUrl":"http:\/\/cancer-chien-chat.vetagro-sup.fr\/wp-content\/uploads\/2018\/10\/logo.png","width":222,"height":288},{"@type":"BreadcrumbList","@id":"http:\/\/cancer-chien-chat.vetagro-sup.fr\/#breadcrumb","itemListElement":[{"@type":"ListItem","position":1,"name":"Accueil","item":"http:\/\/cancer-chien-chat.vetagro-sup.fr\/"},{"@type":"ListItem","position":2,"name":"Bienvenue sur le site du Service de Canc\u00e9rologie de VetAgro Sup"}]},{"@type":"WebSite","@id":"http:\/\/cancer-chien-chat.vetagro-sup.fr\/#website","url":"http:\/\/cancer-chien-chat.vetagro-sup.fr\/","name":"Mon Animal et son Cancer","description":"Site de canc\u00e9rologie v\u00e9t\u00e9rinaire destin\u00e9 aux propri\u00e9taires de chiens et de chats atteints d&#039;un cancer.","potentialAction":[{"@type":"SearchAction","target":{"@type":"EntryPoint","urlTemplate":"http:\/\/cancer-chien-chat.vetagro-sup.fr\/?s={search_term_string}"},"query-input":{"@type":"PropertyValueSpecification","valueRequired":true,"valueName":"search_term_string"}}],"inLanguage":"fr-FR"}]}},"_links":{"self":[{"href":"http:\/\/cancer-chien-chat.vetagro-sup.fr\/index.php\/wp-json\/wp\/v2\/pages\/370","targetHints":{"allow":["GET"]}}],"collection":[{"href":"http:\/\/cancer-chien-chat.vetagro-sup.fr\/index.php\/wp-json\/wp\/v2\/pages"}],"about":[{"href":"http:\/\/cancer-chien-chat.vetagro-sup.fr\/index.php\/wp-json\/wp\/v2\/types\/page"}],"author":[{"embeddable":true,"href":"http:\/\/cancer-chien-chat.vetagro-sup.fr\/index.php\/wp-json\/wp\/v2\/users\/2"}],"replies":[{"embeddable":true,"href":"http:\/\/cancer-chien-chat.vetagro-sup.fr\/index.php\/wp-json\/wp\/v2\/comments?post=370"}],"version-history":[{"count":27,"href":"http:\/\/cancer-chien-chat.vetagro-sup.fr\/index.php\/wp-json\/wp\/v2\/pages\/370\/revisions"}],"predecessor-version":[{"id":989,"href":"http:\/\/cancer-chien-chat.vetagro-sup.fr\/index.php\/wp-json\/wp\/v2\/pages\/370\/revisions\/989"}],"wp:attachment":[{"href":"http:\/\/cancer-chien-chat.vetagro-sup.fr\/index.php\/wp-json\/wp\/v2\/media?parent=370"}],"curies":[{"name":"wp","href":"https:\/\/api.w.org\/{rel}","templated":true}]}}