{"id":308,"date":"2018-07-20T19:48:57","date_gmt":"2018-07-20T17:48:57","guid":{"rendered":"http:\/\/cancer-chien-chat.vetagro-sup.fr\/?page_id=308"},"modified":"2018-10-29T14:29:49","modified_gmt":"2018-10-29T13:29:49","slug":"la-gestion-de-la-douleur","status":"publish","type":"page","link":"http:\/\/cancer-chien-chat.vetagro-sup.fr\/index.php\/la-gestion-de-la-douleur\/","title":{"rendered":"La reconnaissance et la gestion de la douleur"},"content":{"rendered":"<h1 style=\"text-align: center;\"><span style=\"color: #ff6600;\"><strong>La reconnaissance et la gestion de la douleur <\/strong><\/span><br \/>\n<span style=\"color: #ff6600;\"><strong> de l&rsquo;animal atteint de cancer<\/strong><\/span><\/h1>\n<p>&nbsp;<\/p>\n<h5 style=\"text-align: center;\"><a href=\"#r1\"><span style=\"color: #00ffff;\"><strong>Qu&rsquo;elles sont les diff\u00e9rentes origines de cette douleur ?<\/strong><\/span><\/a><\/h5>\n<h5 style=\"text-align: center;\"><strong><a href=\"#r2\"><span style=\"color: #00ffff;\">Quels types de douleur existe-t-il ?<\/span><\/a><\/strong><\/h5>\n<h5 style=\"text-align: center;\"><strong><a href=\"#r3\"><span style=\"color: #00ffff;\">Comment \u00e9valuer la douleur\u00a0?<\/span><\/a><\/strong><\/h5>\n<h5 style=\"text-align: center;\"><strong><a href=\"#r4\"><span style=\"color: #00ffff;\">Comment traiter la douleur\u00a0?<\/span><\/a><\/strong><\/h5>\n<h5 style=\"text-align: center;\"><strong><a href=\"#r5\"><span style=\"color: #00ffff;\">Comment est g\u00e9r\u00e9e et surveill\u00e9e la douleur li\u00e9e \u00e0 une chirurgie ?<\/span><\/a><\/strong><\/h5>\n<p>&nbsp;<\/p>\n<p>&nbsp;<\/p>\n<p style=\"text-align: justify;\">L&rsquo;objectif prioritaire lors de la prise en charge de votre animal malade par un service de canc\u00e9rologie v\u00e9t\u00e9rinaire est <strong>la qualit\u00e9 de vie de votre animal<\/strong>. Il est donc primordial d\u2019\u00e9valuer et de contr\u00f4ler la douleur \u00e9ventuellement ressentie par votre animal qui pourrait d\u00e9t\u00e9riorer son confort de vie et son bien-\u00eatre.<\/p>\n<p><a name=\"r1\"><\/a><\/p>\n<p style=\"text-align: justify;\">De plus, la douleur et le stress sont d\u00e9l\u00e9t\u00e8res et peuvent nettement impacter la gu\u00e9rison! Evaluer correctement et g\u00e9rer la douleur \u00e9ventuelle <strong>sont donc des priorit\u00e9s<\/strong>.<\/p>\n<p>&nbsp;<\/p>\n<h5 style=\"text-align: center;\"><span style=\"color: #00ffff;\"><strong>Qu&rsquo;elles sont les diff\u00e9rentes origines de cette douleur ?<\/strong><\/span><\/h5>\n<p>&nbsp;<\/p>\n<p style=\"text-align: justify;\">La douleur peut-\u00eatre directement <strong>provoqu\u00e9e par la tumeur<\/strong> elle-m\u00eame, par <strong>l\u2019intervention chirurgicale <\/strong>\u00a0ou encore par <strong>des affections concomitantes<\/strong> (comme de l&rsquo;arthrose chez un vieux chien).<\/p>\n<p style=\"text-align: justify;\">Cette douleur occasionn\u00e9e par la tumeur peut \u00eatre tr\u00e8s importante! Un <span class=\"tooltips \" style=\"\" title=\"Cancer des os courant en m\u00e9decine v\u00e9t\u00e9rinaire.\"><span style=\"color: #800080;\"><strong>ost\u00e9osarcomes<\/strong><\/span><\/span><strong>,<\/strong> ou toute autre tumeur ayant m\u00e9tastas\u00e9 dans certains os, sont des processus tr\u00e8s douloureux. La douleur peut \u00eatre provoqu\u00e9e par de nombreuses tumeurs comme des tumeurs c\u00e9r\u00e9brales <span class=\"tooltips \" style=\"\" title=\"D\u00e9signe une structure localis\u00e9e \u00e0 l\u2019ext\u00e9rieur des m\u00e9ninges.\"><strong><span style=\"color: #800080;\">extradurales<\/span><\/strong><\/span>, des <a name=\"r2\"><\/a>tumeurs intestinales, des <span class=\"tooltips \" style=\"\" title=\"Groupe de tumeurs malignes se d\u00e9veloppant \u00e0 partir des tissus conjonctifs.\"><span style=\"color: #800080;\"><strong>sarcomes des tissus mous<\/strong><\/span><\/span>, des tumeurs intranasales, etc.<\/p>\n<p style=\"text-align: justify;\">L&rsquo;acte chirurgical peut aussi engendrer une douleur op\u00e9ratoire et post-op\u00e9ratoire qui sera pr\u00e9vue, g\u00e9r\u00e9e et surveill\u00e9e.<\/p>\n<h5 style=\"text-align: center;\"><span style=\"color: #00ffff;\"><strong>Quels types de douleur existe-t-il ?<\/strong><\/span><\/h5>\n<p>&nbsp;<\/p>\n<p style=\"text-align: justify;\">On peut s\u00e9parer la douleur en deux cat\u00e9gories : la douleur <strong>nociceptive<\/strong> et la douleur <strong>neurog\u00e8ne<\/strong>.<\/p>\n<p style=\"text-align: justify;\">La douleur nociceptive (c\u2019est-\u00e0-dire la douleur li\u00e9e \u00e0 des stimulations chimiques, m\u00e9caniques ou thermiques) est soit la r\u00e9sultante d&rsquo;une infiltration des organes, soit la cons\u00e9quence de l&rsquo;inflammation engendr\u00e9e par la tumeur. Cette douleur r\u00e9sulte de l\u00e9sions des tendons, des os, de la peau, des muscles : la douleur ressentie sera qualifi\u00e9e de douleur <strong>somatique<\/strong>. En m\u00e9decine humaine cette douleur est g\u00e9n\u00e9ralement qualifi\u00e9e par les patients, d\u2019aigu\u00eb, de lancinante et de localis\u00e9e. La douleur nociceptive peut aussi \u00eatre qualifi\u00e9e de <strong>visc\u00e9rale<\/strong>. Dans ce cas, elle tire son origine des organes internes (les visc\u00e8res) et peut par exemple \u00eatre li\u00e9e \u00e0 une compression des organes, \u00e0 leur \u00e9tirement, \u00e0 leur distension. Elle est ressentie par l&rsquo;\u00eatre humain comme une douleur profonde, mal d\u00e9limit\u00e9e et mal d\u00e9finie.<\/p>\n<p style=\"text-align: justify;\">La douleur neurog\u00e8ne est li\u00e9e \u00e0 des l\u00e9sions des structures nerveuses, par exemple provoqu\u00e9e par la compression de nerfs. Elle peut \u00eatre ressentie comme une br\u00fblure ou une douleur lancinante.<\/p>\n<p style=\"text-align: justify;\">On peut attribuer diff\u00e9rents qualificatifs \u00e0 la douleur\u00a0:<\/p>\n<ul>\n<li style=\"list-style-type: none;\">\n<ul>\n<li style=\"list-style-type: none;\">\n<ul>\n<li style=\"list-style-type: none;\">\n<ul>\n<li style=\"list-style-type: none\">\n<ul>\n<li style=\"text-align: justify;\">selon sa dur\u00e9e d\u2019\u00e9volution : on la qualifiera d&rsquo;aigu\u00eb, de chronique ou de subaigu\u00eb.<\/li>\n<\/ul>\n<\/li>\n<\/ul>\n<p><a name=\"r3\"><\/a><\/p>\n<ul>\n<li style=\"text-align: justify;\">selon son intensit\u00e9 : on la qualifiera de faible, mod\u00e9r\u00e9e ou de s\u00e9v\u00e8re.<\/li>\n<li style=\"text-align: justify;\">selon sa fr\u00e9quence : si elle est permanente ou intermittente.<\/li>\n<\/ul>\n<\/li>\n<\/ul>\n<p>&nbsp;<\/p>\n<h5 style=\"text-align: center;\"><span style=\"color: #00ffff;\"><strong>Comment \u00e9valuer la douleur\u00a0?<\/strong><\/span><\/h5>\n<p>&nbsp;<\/p>\n<p style=\"text-align: justify;\">L&rsquo;\u00e9valuation et la d\u00e9tection de la douleur chez nos animaux de compagnie <strong>est plus compliqu\u00e9e que chez l&rsquo;\u00eatre humain<\/strong>. En effet, en m\u00e9decine humaine on peut par exemple vous demander de noter la douleur que vous ressentez de 1 \u00e0 10.<\/p>\n<p style=\"text-align: justify;\">Le v\u00e9t\u00e9rinaire n&rsquo;est pas toujours le mieux plac\u00e9 pour \u00e9valuer la douleur. <strong>C\u2019est surtout vous<\/strong>, le propri\u00e9taire de votre fid\u00e8le compagnon, qui poss\u00e9dez <strong>un r\u00f4le central dans le renseignement de la douleur<\/strong>. Vous \u00eates le plus \u00e0 m\u00eame de relever les changements comportementaux car vous le connaissez tellement bien !<\/p>\n<p style=\"text-align: justify;\">C\u2019est pourquoi votre v\u00e9t\u00e9rinaire vous posera des questions pr\u00e9cises et pertinentes qui l\u2019aideront \u00e0 \u00e9valuer si votre animal est douloureux. Il ne faut pas h\u00e9siter \u00e0 lui rapporter des changements d\u2019attitude chez votre animal !<\/p>\n<p style=\"text-align: justify;\">La douleur peut donc \u00eatre d\u00e9termin\u00e9e par l&rsquo;observation <strong>de modifications comportementales<\/strong>. En voici quelques exemples : des changements dans la posture, une absence de toilettage (pour les chats), une modification de l&rsquo;app\u00e9tit ou de la prise de boisson, des g\u00e9missements, une respiration rapide, une prostration, de l&rsquo;agressivit\u00e9 inhabituelle, un l\u00e9chage des zones douloureuses, une respiration rapide, etc.<\/p>\n<p style=\"text-align: justify;\">Hormis ces modifications m\u00eame minimes du comportement, votre v\u00e9t\u00e9rinaire s&rsquo;attachera \u00e0 observer <strong>des param\u00e8tres cliniques<\/strong> comme la mesure de la fr\u00e9quence cardiaque, l&rsquo;observation du diam\u00e8tre pupillaire, la mesure de la pression art\u00e9rielle. Nous savons que ces param\u00e8tres sont \u00e9galement influenc\u00e9s par de nombreux autres facteurs notamment le stress lorsque l\u2019animal est hospitalis\u00e9 ou examin\u00e9 en consultation. Un animal peut aussi masquer des signes de douleur en pr\u00e9sence du v\u00e9t\u00e9rinaire.<\/p>\n<p style=\"text-align: justify;\">Lors de la consultation le v\u00e9t\u00e9rinaire pourra d\u00e9terminer l&rsquo;intensit\u00e9 et suivre l&rsquo;\u00e9volution de la douleur \u00e0 l\u2019aide d\u2019une grille d\u2019\u00e9valuation. Au service de canc\u00e9rologie du <span class=\"tooltips \" style=\"\" title=\"Centre Hospitalier Universitaire V\u00e9t\u00e9rinaire des Animaux de Compagnie.\"><span style=\"color: #800080;\"><strong>CHUVAC<\/strong><\/span><\/span>, VetAgro Sup Lyon, en hospitalisation, nous utilisons un document rassemblant des param\u00e8tres biologiques et des modifications comportementales (\u00e9l\u00e9vation de la fr\u00e9quence cardiaque, perte d&rsquo;app\u00e9tit, r\u00e9ponse \u00e0 la stimulation de la zone douloureuse, etc.). La somme des anomalies observ\u00e9es est report\u00e9e sur cette grille et nous donne un score qui nous permet de classer la douleur en l\u00e9g\u00e8re, mod\u00e9r\u00e9e ou s\u00e9v\u00e8re. Selon le r\u00e9sultat, un traitement adapt\u00e9 contre la douleur sera prescrit.<\/p>\n<p style=\"text-align: justify;\">Enfin, derni\u00e8re m\u00e9thode pour \u00e9valuer la douleur : il est possible d\u2019initier un <a name=\"r4\"><\/a>traitement <span class=\"tooltips \" style=\"\" title=\"C\u2019est \u00e0 dire visant \u00e0 diminuer ou supprimer la douleur.\"><strong><span style=\"color: #800080;\">antalgique<\/span><\/strong><\/span> et observer si les sympt\u00f4mes qui nous ont conduits \u00e0 suspecter la douleur s&rsquo;att\u00e9nuent ou disparaissent.<\/p>\n<p>&nbsp;<\/p>\n<h5 style=\"text-align: center;\"><span style=\"color: #00ffff;\"><strong>Comment traiter la douleur\u00a0?<\/strong><\/span><\/h5>\n<p>&nbsp;<\/p>\n<p style=\"text-align: justify;\">La gestion de la douleur se nomme l&rsquo;analg\u00e9sie et elle se r\u00e9alise via des mol\u00e9cules qualifi\u00e9es <span class=\"tooltips \" style=\"\" title=\"&lt;strong&gt;C\u2019est \u00e0 dire des mol\u00e9cules qui diminuent la douleur.&lt;\/strong&gt;\">d&rsquo;<span style=\"color: #800080;\"><strong><em>antalgiques<\/em><\/strong><\/span><\/span>.<\/p>\n<p style=\"text-align: justify;\">Une fois d\u00e9tect\u00e9e, cette douleur devra \u00eatre contr\u00f4l\u00e9e. <strong>Les analg\u00e9siques dispens\u00e9s seront adapt\u00e9s au type de douleur \u00e9valu\u00e9<\/strong>. On pourra utiliser des anti-inflammatoires (topexaline, meloxicam, acide tolf\u00e9namique, etc.), des opio\u00efdes (morphine, bupr\u00e9norphine, tramadol) ou encore d&rsquo;autres mol\u00e9cules de diverses classes (gabapentine, pamidronate, k\u00e9tamine, etc.). Ces mol\u00e9cules seront utilis\u00e9es selon la s\u00e9v\u00e9rit\u00e9 de la douleur car chacune poss\u00e8de une action antalgique cibl\u00e9e.<\/p>\n<p style=\"text-align: justify;\">Ainsi, pour une douleur l\u00e9g\u00e8re, on utilisera souvent des anti-inflammatoires alors que, pour une douleur s\u00e9v\u00e8re, on recourra aux morphiniques coupl\u00e9s ou non \u00e0 d&rsquo;autres mol\u00e9cules.<\/p>\n<p style=\"text-align: justify;\">Si beaucoup de substances sont utilisables, elles ne peuvent en revanche pas toutes vous \u00eatre d\u00e9livr\u00e9es en raison de dispositions l\u00e9gales.<\/p>\n<p style=\"text-align: justify;\">Il important de <strong>ne pas r\u00e9aliser d&rsquo;autom\u00e9dication<\/strong>, au risque de faire bien plus de mal que de bien et de bien communiquer avec votre v\u00e9t\u00e9rinaire qui pourra mettre en place et adapter au fil du temps le traitement antalgique pour le confort de votre animal.<\/p>\n<p style=\"text-align: justify;\">La chirurgie peut \u00e9galement \u00eatre employ\u00e9e pour soulager la douleur, par exemple, lors de la <a name=\"r5\"><\/a>r\u00e9alisation d&rsquo;amputations pour retirer certaines tumeurs osseuses tr\u00e8s douloureuses. La radioth\u00e9rapie peut aussi \u00eatre employ\u00e9e pour traiter la douleur de tumeurs osseuses douloureuses.<\/p>\n<p>&nbsp;<\/p>\n<h5 style=\"text-align: center;\"><span style=\"color: #00ffff;\"><strong>Comment est g\u00e9r\u00e9e et surveill\u00e9e la douleur li\u00e9e \u00e0 une chirurgie ?<\/strong><\/span><\/h5>\n<p>&nbsp;<\/p>\n<p style=\"text-align: justify;\">Pour g\u00e9rer la douleur li\u00e9e \u00e0 une chirurgie, nous \u00e9tablissons au pr\u00e9alable de cette derni\u00e8re des <strong>protocoles int\u00e9grant cette notion de douleur<\/strong> et administrons des mol\u00e9cules analg\u00e9siques <strong>de mani\u00e8re pr\u00e9ventive<\/strong>. Cette douleur pendant une intervention est surveill\u00e9e (par exemple, par la surveillance des param\u00e8tres cardiovasculaires comme la fr\u00e9quence cardiaque ou la pression art\u00e9rielle), ce qui permet de r\u00e9ajuster directement l&rsquo;administration d&rsquo;antalgiques en fonction de la douleur constat\u00e9e.<\/p>\n<p style=\"text-align: justify;\">En hospitalisation, que ce soit apr\u00e8s une op\u00e9ration ou dans un autre contexte, la douleur est \u00e9galement surveill\u00e9e et g\u00e9r\u00e9e.<\/p>\n<p>&nbsp;<\/li>\n<\/ul>\n<\/li>\n<\/ul>\n","protected":false},"excerpt":{"rendered":"<p>La reconnaissance et la gestion de la douleur de l&rsquo;animal atteint de cancer &nbsp; Qu&rsquo;elles sont les diff\u00e9rentes origines de cette douleur ? Quels types de douleur existe-t-il ? Comment \u00e9valuer la douleur\u00a0? Comment traiter la douleur\u00a0? Comment est g\u00e9r\u00e9e et surveill\u00e9e la douleur li\u00e9e \u00e0 une chirurgie ? &nbsp; &nbsp; L&rsquo;objectif prioritaire lors de &hellip; <\/p>\n<p class=\"link-more\"><a href=\"http:\/\/cancer-chien-chat.vetagro-sup.fr\/index.php\/la-gestion-de-la-douleur\/\" class=\"more-link\">Continuer la lecture<span class=\"screen-reader-text\"> de &laquo;&nbsp;La reconnaissance et la gestion de la douleur&nbsp;&raquo;<\/span><\/a><\/p>\n","protected":false},"author":2,"featured_media":0,"parent":0,"menu_order":0,"comment_status":"closed","ping_status":"closed","template":"","meta":{"footnotes":""},"class_list":["post-308","page","type-page","status-publish","hentry"],"yoast_head":"<!-- This site is optimized with the Yoast SEO plugin v27.4 - https:\/\/yoast.com\/product\/yoast-seo-wordpress\/ -->\n<title>La reconnaissance et la gestion de la douleur - Mon Animal et son Cancer<\/title>\n<meta name=\"robots\" content=\"index, follow, max-snippet:-1, max-image-preview:large, max-video-preview:-1\" \/>\n<link rel=\"canonical\" href=\"http:\/\/cancer-chien-chat.vetagro-sup.fr\/index.php\/la-gestion-de-la-douleur\/\" \/>\n<meta property=\"og:locale\" content=\"fr_FR\" \/>\n<meta property=\"og:type\" content=\"article\" \/>\n<meta property=\"og:title\" content=\"La reconnaissance et la gestion de la douleur - Mon Animal et son Cancer\" \/>\n<meta property=\"og:description\" content=\"La reconnaissance et la gestion de la douleur de l&rsquo;animal atteint de cancer &nbsp; Qu&rsquo;elles sont les diff\u00e9rentes origines de cette douleur ? Quels types de douleur existe-t-il ? Comment \u00e9valuer la douleur\u00a0? Comment traiter la douleur\u00a0? Comment est g\u00e9r\u00e9e et surveill\u00e9e la douleur li\u00e9e \u00e0 une chirurgie ? &nbsp; &nbsp; L&rsquo;objectif prioritaire lors de &hellip; Continuer la lecture de &laquo;&nbsp;La reconnaissance et la gestion de la douleur&nbsp;&raquo;\" \/>\n<meta property=\"og:url\" content=\"http:\/\/cancer-chien-chat.vetagro-sup.fr\/index.php\/la-gestion-de-la-douleur\/\" \/>\n<meta property=\"og:site_name\" content=\"Mon Animal et son Cancer\" \/>\n<meta property=\"article:modified_time\" content=\"2018-10-29T13:29:49+00:00\" \/>\n<meta name=\"twitter:card\" content=\"summary_large_image\" \/>\n<meta name=\"twitter:label1\" content=\"Dur\u00e9e de lecture estim\u00e9e\" \/>\n\t<meta name=\"twitter:data1\" content=\"7 minutes\" \/>\n<script type=\"application\/ld+json\" class=\"yoast-schema-graph\">{\"@context\":\"https:\\\/\\\/schema.org\",\"@graph\":[{\"@type\":\"WebPage\",\"@id\":\"http:\\\/\\\/cancer-chien-chat.vetagro-sup.fr\\\/index.php\\\/la-gestion-de-la-douleur\\\/\",\"url\":\"http:\\\/\\\/cancer-chien-chat.vetagro-sup.fr\\\/index.php\\\/la-gestion-de-la-douleur\\\/\",\"name\":\"La reconnaissance et la gestion de la douleur - Mon Animal et son Cancer\",\"isPartOf\":{\"@id\":\"http:\\\/\\\/cancer-chien-chat.vetagro-sup.fr\\\/#website\"},\"datePublished\":\"2018-07-20T17:48:57+00:00\",\"dateModified\":\"2018-10-29T13:29:49+00:00\",\"breadcrumb\":{\"@id\":\"http:\\\/\\\/cancer-chien-chat.vetagro-sup.fr\\\/index.php\\\/la-gestion-de-la-douleur\\\/#breadcrumb\"},\"inLanguage\":\"fr-FR\",\"potentialAction\":[{\"@type\":\"ReadAction\",\"target\":[\"http:\\\/\\\/cancer-chien-chat.vetagro-sup.fr\\\/index.php\\\/la-gestion-de-la-douleur\\\/\"]}]},{\"@type\":\"BreadcrumbList\",\"@id\":\"http:\\\/\\\/cancer-chien-chat.vetagro-sup.fr\\\/index.php\\\/la-gestion-de-la-douleur\\\/#breadcrumb\",\"itemListElement\":[{\"@type\":\"ListItem\",\"position\":1,\"name\":\"Accueil\",\"item\":\"http:\\\/\\\/cancer-chien-chat.vetagro-sup.fr\\\/\"},{\"@type\":\"ListItem\",\"position\":2,\"name\":\"La reconnaissance et la gestion de la douleur\"}]},{\"@type\":\"WebSite\",\"@id\":\"http:\\\/\\\/cancer-chien-chat.vetagro-sup.fr\\\/#website\",\"url\":\"http:\\\/\\\/cancer-chien-chat.vetagro-sup.fr\\\/\",\"name\":\"Mon Animal et son Cancer\",\"description\":\"Site de canc\u00e9rologie v\u00e9t\u00e9rinaire destin\u00e9 aux propri\u00e9taires de chiens et de chats atteints d&#039;un cancer.\",\"potentialAction\":[{\"@type\":\"SearchAction\",\"target\":{\"@type\":\"EntryPoint\",\"urlTemplate\":\"http:\\\/\\\/cancer-chien-chat.vetagro-sup.fr\\\/?s={search_term_string}\"},\"query-input\":{\"@type\":\"PropertyValueSpecification\",\"valueRequired\":true,\"valueName\":\"search_term_string\"}}],\"inLanguage\":\"fr-FR\"}]}<\/script>\n<!-- \/ Yoast SEO plugin. -->","yoast_head_json":{"title":"La reconnaissance et la gestion de la douleur - Mon Animal et son Cancer","robots":{"index":"index","follow":"follow","max-snippet":"max-snippet:-1","max-image-preview":"max-image-preview:large","max-video-preview":"max-video-preview:-1"},"canonical":"http:\/\/cancer-chien-chat.vetagro-sup.fr\/index.php\/la-gestion-de-la-douleur\/","og_locale":"fr_FR","og_type":"article","og_title":"La reconnaissance et la gestion de la douleur - Mon Animal et son Cancer","og_description":"La reconnaissance et la gestion de la douleur de l&rsquo;animal atteint de cancer &nbsp; Qu&rsquo;elles sont les diff\u00e9rentes origines de cette douleur ? Quels types de douleur existe-t-il ? Comment \u00e9valuer la douleur\u00a0? Comment traiter la douleur\u00a0? Comment est g\u00e9r\u00e9e et surveill\u00e9e la douleur li\u00e9e \u00e0 une chirurgie ? &nbsp; &nbsp; L&rsquo;objectif prioritaire lors de &hellip; Continuer la lecture de &laquo;&nbsp;La reconnaissance et la gestion de la douleur&nbsp;&raquo;","og_url":"http:\/\/cancer-chien-chat.vetagro-sup.fr\/index.php\/la-gestion-de-la-douleur\/","og_site_name":"Mon Animal et son Cancer","article_modified_time":"2018-10-29T13:29:49+00:00","twitter_card":"summary_large_image","twitter_misc":{"Dur\u00e9e de lecture estim\u00e9e":"7 minutes"},"schema":{"@context":"https:\/\/schema.org","@graph":[{"@type":"WebPage","@id":"http:\/\/cancer-chien-chat.vetagro-sup.fr\/index.php\/la-gestion-de-la-douleur\/","url":"http:\/\/cancer-chien-chat.vetagro-sup.fr\/index.php\/la-gestion-de-la-douleur\/","name":"La reconnaissance et la gestion de la douleur - Mon Animal et son Cancer","isPartOf":{"@id":"http:\/\/cancer-chien-chat.vetagro-sup.fr\/#website"},"datePublished":"2018-07-20T17:48:57+00:00","dateModified":"2018-10-29T13:29:49+00:00","breadcrumb":{"@id":"http:\/\/cancer-chien-chat.vetagro-sup.fr\/index.php\/la-gestion-de-la-douleur\/#breadcrumb"},"inLanguage":"fr-FR","potentialAction":[{"@type":"ReadAction","target":["http:\/\/cancer-chien-chat.vetagro-sup.fr\/index.php\/la-gestion-de-la-douleur\/"]}]},{"@type":"BreadcrumbList","@id":"http:\/\/cancer-chien-chat.vetagro-sup.fr\/index.php\/la-gestion-de-la-douleur\/#breadcrumb","itemListElement":[{"@type":"ListItem","position":1,"name":"Accueil","item":"http:\/\/cancer-chien-chat.vetagro-sup.fr\/"},{"@type":"ListItem","position":2,"name":"La reconnaissance et la gestion de la douleur"}]},{"@type":"WebSite","@id":"http:\/\/cancer-chien-chat.vetagro-sup.fr\/#website","url":"http:\/\/cancer-chien-chat.vetagro-sup.fr\/","name":"Mon Animal et son Cancer","description":"Site de canc\u00e9rologie v\u00e9t\u00e9rinaire destin\u00e9 aux propri\u00e9taires de chiens et de chats atteints d&#039;un cancer.","potentialAction":[{"@type":"SearchAction","target":{"@type":"EntryPoint","urlTemplate":"http:\/\/cancer-chien-chat.vetagro-sup.fr\/?s={search_term_string}"},"query-input":{"@type":"PropertyValueSpecification","valueRequired":true,"valueName":"search_term_string"}}],"inLanguage":"fr-FR"}]}},"_links":{"self":[{"href":"http:\/\/cancer-chien-chat.vetagro-sup.fr\/index.php\/wp-json\/wp\/v2\/pages\/308","targetHints":{"allow":["GET"]}}],"collection":[{"href":"http:\/\/cancer-chien-chat.vetagro-sup.fr\/index.php\/wp-json\/wp\/v2\/pages"}],"about":[{"href":"http:\/\/cancer-chien-chat.vetagro-sup.fr\/index.php\/wp-json\/wp\/v2\/types\/page"}],"author":[{"embeddable":true,"href":"http:\/\/cancer-chien-chat.vetagro-sup.fr\/index.php\/wp-json\/wp\/v2\/users\/2"}],"replies":[{"embeddable":true,"href":"http:\/\/cancer-chien-chat.vetagro-sup.fr\/index.php\/wp-json\/wp\/v2\/comments?post=308"}],"version-history":[{"count":6,"href":"http:\/\/cancer-chien-chat.vetagro-sup.fr\/index.php\/wp-json\/wp\/v2\/pages\/308\/revisions"}],"predecessor-version":[{"id":958,"href":"http:\/\/cancer-chien-chat.vetagro-sup.fr\/index.php\/wp-json\/wp\/v2\/pages\/308\/revisions\/958"}],"wp:attachment":[{"href":"http:\/\/cancer-chien-chat.vetagro-sup.fr\/index.php\/wp-json\/wp\/v2\/media?parent=308"}],"curies":[{"name":"wp","href":"https:\/\/api.w.org\/{rel}","templated":true}]}}