{"id":293,"date":"2018-07-20T13:51:34","date_gmt":"2018-07-20T11:51:34","guid":{"rendered":"http:\/\/cancer-chien-chat.vetagro-sup.fr\/?page_id=293"},"modified":"2018-09-19T20:24:11","modified_gmt":"2018-09-19T18:24:11","slug":"le-diagnostic","status":"publish","type":"page","link":"http:\/\/cancer-chien-chat.vetagro-sup.fr\/index.php\/le-diagnostic\/","title":{"rendered":"Le diagnostic"},"content":{"rendered":"<h1 style=\"text-align: center;\"><span style=\"color: #ff6600;\"><strong>Le Diagnostic<\/strong><\/span><\/h1>\n<p>&nbsp;<\/p>\n<p>&nbsp;<\/p>\n<p style=\"text-align: justify;\">Bienvenue dans la section consacr\u00e9e au diagnostic en canc\u00e9rologie. Cette section a pour objectif de vous d\u00e9crire la d\u00e9marche diagnostique classique en canc\u00e9rologie de mani\u00e8re \u00e0 vous \u00e9clairer sur notre mode de r\u00e9flexion et vous permettre de le comprendre, sans pour autant vous fournir une formation m\u00e9dicale.<\/p>\n<p style=\"text-align: justify;\">Ces pages ne peuvent en aucun cas remplacer votre v\u00e9t\u00e9rinaire traitant qui contrairement \u00e0 ce site, est \u00e0 m\u00eame d&rsquo;adapter ses connaissances scientifiques \u00e0 la particularit\u00e9 de votre situation.<\/p>\n<p style=\"text-align: justify;\">La premi\u00e8re \u00e9tape, avant tout diagnostic, est <a href=\"http:\/\/cancer-chien-chat.vetagro-sup.fr\/index.php\/comment-suspecter-un-cancer\/\"><span style=\"color: #0000ff;\">de suspecter un processus tumoral<\/span><\/a> en int\u00e9grant cette hypoth\u00e8se parmi d&rsquo;autres. Il faut par la suite explorer les hypoth\u00e8ses par la r\u00e9alisation d&rsquo;examens compl\u00e9mentaires appropri\u00e9s. Viendra ensuite l&rsquo;\u00e9tape de <span style=\"color: #0000ff;\"><a style=\"color: #0000ff;\" href=\"http:\/\/cancer-chien-chat.vetagro-sup.fr\/index.php\/confirmer-et-preciser-le-diagnostic\/\">confirmation et de pr\u00e9cision du diagnostic<\/a><\/span> \u00a0qui permettra d&rsquo;identifier la tumeur et de la d\u00e9crire pr\u00e9cis\u00e9ment. Ensuite nous <a href=\"http:\/\/cancer-chien-chat.vetagro-sup.fr\/index.php\/le-bilan-dextension\/\"><span style=\"color: #0000ff;\">d\u00e9terminerons l&rsquo;extension de la tumeur<\/span><\/a> dans l&rsquo;organisme. Suite \u00e0 ces \u00e9l\u00e9ments <a href=\"http:\/\/cancer-chien-chat.vetagro-sup.fr\/index.php\/le-pronostic-en-cancerologie\/\"><span style=\"color: #0000ff;\">un pronostic<\/span><\/a> pourra \u00eatre \u00e9nonc\u00e9 dans la plupart des cas et des prises en charge vous seront propos\u00e9es.<\/p>\n<p style=\"text-align: justify;\">Ci-dessous voici une petite illustration qui vous accompagnera lors de votre lecture de cette section pour vous permettre de vous situer dans les \u00e9tapes de la d\u00e9marche diagnostique en canc\u00e9rologie.<\/p>\n<p>&nbsp;<\/p>\n<p><img loading=\"lazy\" decoding=\"async\" class=\"size-full wp-image-596 aligncenter\" src=\"http:\/\/cancer-chien-chat.vetagro-sup.fr\/wp-content\/uploads\/2018\/08\/diagnostic.png\" alt=\"\" width=\"746\" height=\"378\" srcset=\"http:\/\/cancer-chien-chat.vetagro-sup.fr\/wp-content\/uploads\/2018\/08\/diagnostic.png 746w, http:\/\/cancer-chien-chat.vetagro-sup.fr\/wp-content\/uploads\/2018\/08\/diagnostic-300x152.png 300w\" sizes=\"auto, (max-width: 706px) 89vw, (max-width: 767px) 82vw, 740px\" \/><\/p>\n<p>&nbsp;<\/p>\n<p>&nbsp;<\/p>\n<p><strong><u>Au sein de la section diagnostic<\/u><\/strong><strong> :<\/strong><\/p>\n<h4><a href=\"http:\/\/cancer-chien-chat.vetagro-sup.fr\/index.php\/comment-suspecter-un-cancer\/\"><span style=\"color: #ff6600;\"><strong>Suspecter un processus tumoral<br \/>\n<\/strong><\/span><\/a><a href=\"http:\/\/cancer-chien-chat.vetagro-sup.fr\/index.php\/confirmer-et-preciser-le-diagnostic\/\"><span style=\"color: #ff6600;\"><strong>Confirmer le diagnostic et caract\u00e9riser pr\u00e9cis\u00e9ment la tumeur<br \/>\n<\/strong><\/span><\/a><a href=\"http:\/\/cancer-chien-chat.vetagro-sup.fr\/index.php\/le-bilan-dextension\/\"><span style=\"color: #ff6600;\"><strong>D\u00e9terminer l&rsquo;extension d&rsquo;une tumeur<br \/>\n<\/strong><\/span><\/a><span style=\"color: #ff6600;\"><strong><span style=\"color: #ff6600;\"><a style=\"color: #ff6600;\" href=\"http:\/\/cancer-chien-chat.vetagro-sup.fr\/index.php\/le-pronostic-en-cancerologie\/\">Le pronostic<\/a><\/span><br \/>\n<\/strong><\/span><span style=\"color: #ff6600;\"><a style=\"color: #ff6600;\" href=\"http:\/\/cancer-chien-chat.vetagro-sup.fr\/index.php\/les-examens-complementaires-en-cancerologie\/\"><strong>Les examens compl\u00e9mentaires en canc\u00e9rologie v\u00e9t\u00e9rinaire<\/strong><\/a><\/span><\/h4>\n","protected":false},"excerpt":{"rendered":"<p>Le Diagnostic &nbsp; &nbsp; Bienvenue dans la section consacr\u00e9e au diagnostic en canc\u00e9rologie. Cette section a pour objectif de vous d\u00e9crire la d\u00e9marche diagnostique classique en canc\u00e9rologie de mani\u00e8re \u00e0 vous \u00e9clairer sur notre mode de r\u00e9flexion et vous permettre de le comprendre, sans pour autant vous fournir une formation m\u00e9dicale. Ces pages ne peuvent &hellip; <\/p>\n<p class=\"link-more\"><a href=\"http:\/\/cancer-chien-chat.vetagro-sup.fr\/index.php\/le-diagnostic\/\" class=\"more-link\">Continuer la lecture<span class=\"screen-reader-text\"> de &laquo;&nbsp;Le diagnostic&nbsp;&raquo;<\/span><\/a><\/p>\n","protected":false},"author":2,"featured_media":0,"parent":0,"menu_order":0,"comment_status":"closed","ping_status":"closed","template":"","meta":{"footnotes":""},"class_list":["post-293","page","type-page","status-publish","hentry"],"yoast_head":"<!-- This site is optimized with the Yoast SEO plugin v27.5 - https:\/\/yoast.com\/product\/yoast-seo-wordpress\/ -->\n<title>Le diagnostic - Mon Animal et son Cancer<\/title>\n<meta name=\"robots\" content=\"index, follow, max-snippet:-1, max-image-preview:large, max-video-preview:-1\" \/>\n<link rel=\"canonical\" href=\"http:\/\/cancer-chien-chat.vetagro-sup.fr\/index.php\/le-diagnostic\/\" \/>\n<meta property=\"og:locale\" content=\"fr_FR\" \/>\n<meta property=\"og:type\" content=\"article\" \/>\n<meta property=\"og:title\" content=\"Le diagnostic - Mon Animal et son Cancer\" \/>\n<meta property=\"og:description\" content=\"Le Diagnostic &nbsp; &nbsp; Bienvenue dans la section consacr\u00e9e au diagnostic en canc\u00e9rologie. Cette section a pour objectif de vous d\u00e9crire la d\u00e9marche diagnostique classique en canc\u00e9rologie de mani\u00e8re \u00e0 vous \u00e9clairer sur notre mode de r\u00e9flexion et vous permettre de le comprendre, sans pour autant vous fournir une formation m\u00e9dicale. Ces pages ne peuvent &hellip; Continuer la lecture de &laquo;&nbsp;Le diagnostic&nbsp;&raquo;\" \/>\n<meta property=\"og:url\" content=\"http:\/\/cancer-chien-chat.vetagro-sup.fr\/index.php\/le-diagnostic\/\" \/>\n<meta property=\"og:site_name\" content=\"Mon Animal et son Cancer\" \/>\n<meta property=\"article:modified_time\" content=\"2018-09-19T18:24:11+00:00\" \/>\n<meta property=\"og:image\" content=\"http:\/\/cancer-chien-chat.vetagro-sup.fr\/wp-content\/uploads\/2018\/08\/diagnostic.png\" \/>\n<meta name=\"twitter:card\" content=\"summary_large_image\" \/>\n<meta name=\"twitter:label1\" content=\"Dur\u00e9e de lecture estim\u00e9e\" \/>\n\t<meta name=\"twitter:data1\" content=\"1 minute\" \/>\n<script type=\"application\/ld+json\" class=\"yoast-schema-graph\">{\"@context\":\"https:\\\/\\\/schema.org\",\"@graph\":[{\"@type\":\"WebPage\",\"@id\":\"http:\\\/\\\/cancer-chien-chat.vetagro-sup.fr\\\/index.php\\\/le-diagnostic\\\/\",\"url\":\"http:\\\/\\\/cancer-chien-chat.vetagro-sup.fr\\\/index.php\\\/le-diagnostic\\\/\",\"name\":\"Le diagnostic - Mon Animal et son Cancer\",\"isPartOf\":{\"@id\":\"http:\\\/\\\/cancer-chien-chat.vetagro-sup.fr\\\/#website\"},\"primaryImageOfPage\":{\"@id\":\"http:\\\/\\\/cancer-chien-chat.vetagro-sup.fr\\\/index.php\\\/le-diagnostic\\\/#primaryimage\"},\"image\":{\"@id\":\"http:\\\/\\\/cancer-chien-chat.vetagro-sup.fr\\\/index.php\\\/le-diagnostic\\\/#primaryimage\"},\"thumbnailUrl\":\"http:\\\/\\\/cancer-chien-chat.vetagro-sup.fr\\\/wp-content\\\/uploads\\\/2018\\\/08\\\/diagnostic.png\",\"datePublished\":\"2018-07-20T11:51:34+00:00\",\"dateModified\":\"2018-09-19T18:24:11+00:00\",\"breadcrumb\":{\"@id\":\"http:\\\/\\\/cancer-chien-chat.vetagro-sup.fr\\\/index.php\\\/le-diagnostic\\\/#breadcrumb\"},\"inLanguage\":\"fr-FR\",\"potentialAction\":[{\"@type\":\"ReadAction\",\"target\":[\"http:\\\/\\\/cancer-chien-chat.vetagro-sup.fr\\\/index.php\\\/le-diagnostic\\\/\"]}]},{\"@type\":\"ImageObject\",\"inLanguage\":\"fr-FR\",\"@id\":\"http:\\\/\\\/cancer-chien-chat.vetagro-sup.fr\\\/index.php\\\/le-diagnostic\\\/#primaryimage\",\"url\":\"http:\\\/\\\/cancer-chien-chat.vetagro-sup.fr\\\/wp-content\\\/uploads\\\/2018\\\/08\\\/diagnostic.png\",\"contentUrl\":\"http:\\\/\\\/cancer-chien-chat.vetagro-sup.fr\\\/wp-content\\\/uploads\\\/2018\\\/08\\\/diagnostic.png\",\"width\":746,\"height\":378},{\"@type\":\"BreadcrumbList\",\"@id\":\"http:\\\/\\\/cancer-chien-chat.vetagro-sup.fr\\\/index.php\\\/le-diagnostic\\\/#breadcrumb\",\"itemListElement\":[{\"@type\":\"ListItem\",\"position\":1,\"name\":\"Accueil\",\"item\":\"http:\\\/\\\/cancer-chien-chat.vetagro-sup.fr\\\/\"},{\"@type\":\"ListItem\",\"position\":2,\"name\":\"Le diagnostic\"}]},{\"@type\":\"WebSite\",\"@id\":\"http:\\\/\\\/cancer-chien-chat.vetagro-sup.fr\\\/#website\",\"url\":\"http:\\\/\\\/cancer-chien-chat.vetagro-sup.fr\\\/\",\"name\":\"Mon Animal et son Cancer\",\"description\":\"Site de canc\u00e9rologie v\u00e9t\u00e9rinaire destin\u00e9 aux propri\u00e9taires de chiens et de chats atteints d&#039;un cancer.\",\"potentialAction\":[{\"@type\":\"SearchAction\",\"target\":{\"@type\":\"EntryPoint\",\"urlTemplate\":\"http:\\\/\\\/cancer-chien-chat.vetagro-sup.fr\\\/?s={search_term_string}\"},\"query-input\":{\"@type\":\"PropertyValueSpecification\",\"valueRequired\":true,\"valueName\":\"search_term_string\"}}],\"inLanguage\":\"fr-FR\"}]}<\/script>\n<!-- \/ Yoast SEO plugin. -->","yoast_head_json":{"title":"Le diagnostic - Mon Animal et son Cancer","robots":{"index":"index","follow":"follow","max-snippet":"max-snippet:-1","max-image-preview":"max-image-preview:large","max-video-preview":"max-video-preview:-1"},"canonical":"http:\/\/cancer-chien-chat.vetagro-sup.fr\/index.php\/le-diagnostic\/","og_locale":"fr_FR","og_type":"article","og_title":"Le diagnostic - Mon Animal et son Cancer","og_description":"Le Diagnostic &nbsp; &nbsp; Bienvenue dans la section consacr\u00e9e au diagnostic en canc\u00e9rologie. Cette section a pour objectif de vous d\u00e9crire la d\u00e9marche diagnostique classique en canc\u00e9rologie de mani\u00e8re \u00e0 vous \u00e9clairer sur notre mode de r\u00e9flexion et vous permettre de le comprendre, sans pour autant vous fournir une formation m\u00e9dicale. Ces pages ne peuvent &hellip; Continuer la lecture de &laquo;&nbsp;Le diagnostic&nbsp;&raquo;","og_url":"http:\/\/cancer-chien-chat.vetagro-sup.fr\/index.php\/le-diagnostic\/","og_site_name":"Mon Animal et son Cancer","article_modified_time":"2018-09-19T18:24:11+00:00","og_image":[{"url":"http:\/\/cancer-chien-chat.vetagro-sup.fr\/wp-content\/uploads\/2018\/08\/diagnostic.png","type":"","width":"","height":""}],"twitter_card":"summary_large_image","twitter_misc":{"Dur\u00e9e de lecture estim\u00e9e":"1 minute"},"schema":{"@context":"https:\/\/schema.org","@graph":[{"@type":"WebPage","@id":"http:\/\/cancer-chien-chat.vetagro-sup.fr\/index.php\/le-diagnostic\/","url":"http:\/\/cancer-chien-chat.vetagro-sup.fr\/index.php\/le-diagnostic\/","name":"Le diagnostic - Mon Animal et son Cancer","isPartOf":{"@id":"http:\/\/cancer-chien-chat.vetagro-sup.fr\/#website"},"primaryImageOfPage":{"@id":"http:\/\/cancer-chien-chat.vetagro-sup.fr\/index.php\/le-diagnostic\/#primaryimage"},"image":{"@id":"http:\/\/cancer-chien-chat.vetagro-sup.fr\/index.php\/le-diagnostic\/#primaryimage"},"thumbnailUrl":"http:\/\/cancer-chien-chat.vetagro-sup.fr\/wp-content\/uploads\/2018\/08\/diagnostic.png","datePublished":"2018-07-20T11:51:34+00:00","dateModified":"2018-09-19T18:24:11+00:00","breadcrumb":{"@id":"http:\/\/cancer-chien-chat.vetagro-sup.fr\/index.php\/le-diagnostic\/#breadcrumb"},"inLanguage":"fr-FR","potentialAction":[{"@type":"ReadAction","target":["http:\/\/cancer-chien-chat.vetagro-sup.fr\/index.php\/le-diagnostic\/"]}]},{"@type":"ImageObject","inLanguage":"fr-FR","@id":"http:\/\/cancer-chien-chat.vetagro-sup.fr\/index.php\/le-diagnostic\/#primaryimage","url":"http:\/\/cancer-chien-chat.vetagro-sup.fr\/wp-content\/uploads\/2018\/08\/diagnostic.png","contentUrl":"http:\/\/cancer-chien-chat.vetagro-sup.fr\/wp-content\/uploads\/2018\/08\/diagnostic.png","width":746,"height":378},{"@type":"BreadcrumbList","@id":"http:\/\/cancer-chien-chat.vetagro-sup.fr\/index.php\/le-diagnostic\/#breadcrumb","itemListElement":[{"@type":"ListItem","position":1,"name":"Accueil","item":"http:\/\/cancer-chien-chat.vetagro-sup.fr\/"},{"@type":"ListItem","position":2,"name":"Le diagnostic"}]},{"@type":"WebSite","@id":"http:\/\/cancer-chien-chat.vetagro-sup.fr\/#website","url":"http:\/\/cancer-chien-chat.vetagro-sup.fr\/","name":"Mon Animal et son Cancer","description":"Site de canc\u00e9rologie v\u00e9t\u00e9rinaire destin\u00e9 aux propri\u00e9taires de chiens et de chats atteints d&#039;un cancer.","potentialAction":[{"@type":"SearchAction","target":{"@type":"EntryPoint","urlTemplate":"http:\/\/cancer-chien-chat.vetagro-sup.fr\/?s={search_term_string}"},"query-input":{"@type":"PropertyValueSpecification","valueRequired":true,"valueName":"search_term_string"}}],"inLanguage":"fr-FR"}]}},"_links":{"self":[{"href":"http:\/\/cancer-chien-chat.vetagro-sup.fr\/index.php\/wp-json\/wp\/v2\/pages\/293","targetHints":{"allow":["GET"]}}],"collection":[{"href":"http:\/\/cancer-chien-chat.vetagro-sup.fr\/index.php\/wp-json\/wp\/v2\/pages"}],"about":[{"href":"http:\/\/cancer-chien-chat.vetagro-sup.fr\/index.php\/wp-json\/wp\/v2\/types\/page"}],"author":[{"embeddable":true,"href":"http:\/\/cancer-chien-chat.vetagro-sup.fr\/index.php\/wp-json\/wp\/v2\/users\/2"}],"replies":[{"embeddable":true,"href":"http:\/\/cancer-chien-chat.vetagro-sup.fr\/index.php\/wp-json\/wp\/v2\/comments?post=293"}],"version-history":[{"count":5,"href":"http:\/\/cancer-chien-chat.vetagro-sup.fr\/index.php\/wp-json\/wp\/v2\/pages\/293\/revisions"}],"predecessor-version":[{"id":884,"href":"http:\/\/cancer-chien-chat.vetagro-sup.fr\/index.php\/wp-json\/wp\/v2\/pages\/293\/revisions\/884"}],"wp:attachment":[{"href":"http:\/\/cancer-chien-chat.vetagro-sup.fr\/index.php\/wp-json\/wp\/v2\/media?parent=293"}],"curies":[{"name":"wp","href":"https:\/\/api.w.org\/{rel}","templated":true}]}}