{"id":271,"date":"2018-07-11T10:50:45","date_gmt":"2018-07-11T08:50:45","guid":{"rendered":"http:\/\/cancer-chien-chat.vetagro-sup.fr\/?page_id=271"},"modified":"2018-10-25T20:36:00","modified_gmt":"2018-10-25T18:36:00","slug":"le-pronostic-en-cancerologie","status":"publish","type":"page","link":"http:\/\/cancer-chien-chat.vetagro-sup.fr\/index.php\/le-pronostic-en-cancerologie\/","title":{"rendered":"Le pronostic"},"content":{"rendered":"<h1 style=\"text-align: center;\"><span style=\"color: #ff6600;\"><strong>Evaluer un pronostic<\/strong><\/span><\/h1>\n<p><img loading=\"lazy\" decoding=\"async\" class=\"size-full wp-image-597 aligncenter\" src=\"http:\/\/cancer-chien-chat.vetagro-sup.fr\/wp-content\/uploads\/2018\/08\/Evaluer-un-pronostic.png\" alt=\"\" width=\"746\" height=\"378\" srcset=\"http:\/\/cancer-chien-chat.vetagro-sup.fr\/wp-content\/uploads\/2018\/08\/Evaluer-un-pronostic.png 746w, http:\/\/cancer-chien-chat.vetagro-sup.fr\/wp-content\/uploads\/2018\/08\/Evaluer-un-pronostic-300x152.png 300w\" sizes=\"auto, (max-width: 706px) 89vw, (max-width: 767px) 82vw, 740px\" \/><\/p>\n<h5 style=\"text-align: center;\"><a href=\"#p1\"><span style=\"color: #00ffff;\">Sur quelles bases s&rsquo;appuie-t-on pour etablir un pronostic ?<\/span><\/a><\/h5>\n<h5 style=\"text-align: center;\"><a href=\"#p2\"><span style=\"color: #00ffff;\">Les notions de r\u00e9mission et de gu\u00e9rison<\/span><\/a><\/h5>\n<h5 style=\"text-align: center;\"><a href=\"#p3\"><span style=\"color: #00ffff;\">L&rsquo;\u00e9valuation de l&rsquo;efficacit\u00e9 d&rsquo;un traitement<\/span><\/a><\/h5>\n<h5 style=\"text-align: center;\"><a href=\"#p4\"><span style=\"color: #00ffff;\">Les donn\u00e9es statistiques utilis\u00e9es couramment en canc\u00e9rologie<\/span><\/a><\/h5>\n<h5 style=\"text-align: center;\"><a href=\"#p5\"><span style=\"color: #00ffff;\">Comment interpr\u00e9ter les donn\u00e9es pronostiques\u00a0?<\/span><\/a><\/h5>\n<p>&nbsp;<\/p>\n<p>&nbsp;<\/p>\n<p>&nbsp;<\/p>\n<p>&nbsp;<\/p>\n<p style=\"text-align: justify;\"><a name=\"p1\"><\/a>Le pronostic est <strong>une estimation de l&rsquo;\u00e9volution et\/ou de l&rsquo;issue vraisemblable d&rsquo;une maladie<\/strong>. Il s&rsquo;appuie sur l&rsquo;exp\u00e9rience que l&rsquo;on a de l&rsquo;\u00e9volution usuelle de la pathologie \u00e0 laquelle s&rsquo;ajoutent diff\u00e9rents facteurs qui peuvent impacter cette \u00e9volution.<\/p>\n<p>&nbsp;<\/p>\n<h5 style=\"text-align: center;\"><strong><span style=\"color: #00ffff;\">Sur quelles bases s&rsquo;appuie-t-on pour etablir un pronostic ?<\/span><\/strong><\/h5>\n<p>&nbsp;<\/p>\n<p style=\"text-align: justify;\">Le pronostic ne peut \u00eatre \u00e9valu\u00e9 <strong>qu&rsquo;apr\u00e8s la r\u00e9alisation d&rsquo;une d\u00e9marche diagnostique compl\u00e8te<\/strong>. Il d\u00e9pend de la nature de la tumeur, de son agressivit\u00e9, de son extension, de la pr\u00e9sence d&rsquo;\u00e9ventuelles affections concomitantes, de l\u2019\u00e2ge de votre animal, du traitement entrepris, etc.<\/p>\n<p style=\"text-align: justify;\">Le pronostic sera par ailleurs red\u00e9fini en fonction de la r\u00e9ponse au traitement obtenue chez votre animal.<\/p>\n<p style=\"text-align: justify;\">Cependant, malgr\u00e9 la connaissance de tous ces facteurs,<strong> il n&rsquo;est pas possible de pr\u00e9dire avec certitude l&rsquo;\u00e9volution de la maladie<\/strong> de votre animal. Il faut garder \u00e0 l\u2019esprit que votre animal est un \u00eatre particulier, avec son syst\u00e8me immunitaire, ses forces et ses faiblesses. Ce sont des param\u00e8tres que nous ne pouvons pas, en l\u2019\u00e9tat actuel des connaissances, \u00e9valuer avec pr\u00e9cision. En revanche, les cliniciens se r\u00e9f\u00e8rent \u00e0 des \u00e9tudes \u00e9tablissant des donn\u00e9es de survies afin de vous donner une id\u00e9e globale de l&rsquo;\u00e9volution probable de ce cancer chez votre animal.<\/p>\n<p style=\"text-align: justify;\">Cependant, il ne faut jamais perdre de vue les conditions dans lesquelles les donn\u00e9es ont \u00e9t\u00e9 d\u00e9termin\u00e9es<a name=\"p2\"><\/a> (voir plus bas : <a href=\"#p5\"><span style=\"color: #0000ff;\">comment interpr\u00e9ter les donn\u00e9es pronostiques<\/span><\/a>).<\/p>\n<p>&nbsp;<\/p>\n<h5 style=\"text-align: center;\"><span style=\"color: #00ffff;\">Les notions de r\u00e9mission et de gu\u00e9rison<\/span><\/h5>\n<p>&nbsp;<\/p>\n<p style=\"text-align: justify;\">Le terme \u00a0de <strong>gu\u00e9rison<\/strong> signifie que le cancer ne reviendra jamais et implique <strong>l&rsquo;absence de cellules canc\u00e9reuses dans l&rsquo;organisme<\/strong>. C&rsquo;est un terme \u00e0 employer avec pr\u00e9caution car, en effet, dans de nombreux cancers, des cellules tumorales peuvent persister sans que l&rsquo;on puisse les d\u00e9tecter et sans occasionner de sympt\u00f4mes. Ainsi, le plus souvent, on ne parlera pas de gu\u00e9rison puisque le risque de r\u00e9cidive est toujours pr\u00e9sent mais plut\u00f4t de <strong>r\u00e9mission compl\u00e8te<\/strong>.<\/p>\n<p style=\"text-align: justify;\">La r\u00e9mission peut \u00eatre qualifi\u00e9e de partielle ou compl\u00e8te. La r\u00e9mission partielle d\u00e9signe une r\u00e9duction des sympt\u00f4mes du cancer suite \u00e0 la mise en place d&rsquo;un traitement. Par opposition, la r\u00e9mission compl\u00e8te d\u00e9signe la disparition totale des sympt\u00f4mes.<\/p>\n<p><a name=\"p3\"><\/a><\/p>\n<p style=\"text-align: justify;\">Selon les cas, on pourra donc viser une gu\u00e9rison, une r\u00e9mission compl\u00e8te ou partielle, ou une stabilisation de l&rsquo;\u00e9volution du cancer.<\/p>\n<p>&nbsp;<\/p>\n<h5 style=\"text-align: center;\"><span style=\"color: #00ffff;\">L&rsquo;\u00e9valuation de l&rsquo;efficacit\u00e9 d&rsquo;un traitement<\/span><\/h5>\n<p>&nbsp;<\/p>\n<p style=\"text-align: justify;\">La premi\u00e8re question \u00e0 laquelle le clinicien doit r\u00e9pondre est\u00a0: est-ce que le traitement mis en place est efficace\u00a0?<\/p>\n<p style=\"text-align: justify;\">L\u2019efficacit\u00e9 sera d\u00e9termin\u00e9e par le pourcentage de r\u00e9ponse au traitement (nombre d&rsquo;animaux r\u00e9agissant positivement au traitement sur un total de 100 animaux trait\u00e9s) et l&rsquo;intensit\u00e9 de cette r\u00e9ponse : c\u2019est-\u00e0-dire une r\u00e9ponse soit <strong>compl\u00e8te<\/strong>, soit <strong>partielle<\/strong>. Une r\u00e9ponse <strong>partielle<\/strong> correspondra \u00e0 une diminution de la taille de la tumeur, \u00e0 un arr\u00eat de son extension ou \u00e0 une diminution partielle des sympt\u00f4mes\u00a0; la <strong>r\u00e9ponse compl\u00e8te<\/strong> d\u00e9signera quant \u00e0 elle l&rsquo;impossibilit\u00e9 de distinguer cliniquement la tumeur et une r\u00e9solution des sympt\u00f4mes.<\/p>\n<p style=\"text-align: justify;\">L&rsquo;efficacit\u00e9 d&rsquo;un traitement est dans une certaine mesure pr\u00e9visible (\u00ab\u00a0le traitement est reconnu pour avoir une bonne efficacit\u00e9 dans un cas comme celui-l\u00e0\u00a0\u00bb) mais elle d\u00e9pend aussi du caract\u00e8re unique du cas, puisque tous les cancers sont diff\u00e9rents et que l&rsquo;on est incapable d&rsquo;expliquer tous les comportements tumoraux.<\/p>\n<p style=\"text-align: justify;\">La deuxi\u00e8me question \u00e0 se poser est\u00a0: est-ce que notre traitement est bien tol\u00e9r\u00e9, le chien ou le chat dispose-t-il d&rsquo;une bonne qualit\u00e9 de vie\u00a0?<\/p>\n<p style=\"text-align: justify;\"><strong>C\u2019est cet \u00e9quilibre entre l\u2019efficacit\u00e9 et la toxicit\u00e9 du traitement qui sera recherch\u00e9 pour le bien de votre animal<\/strong> : le canc\u00e9rologue adaptera les traitements aux facteurs m\u00e9dicaux mais aussi aux facteurs personnels <a name=\"p4\"><\/a>de mani\u00e8re \u00e0 prolonger la dur\u00e9e de survie en ayant \u00e0 c\u0153ur de conserver une bonne qualit\u00e9 de vie pour votre animal.<\/p>\n<p>&nbsp;<\/p>\n<h5 style=\"text-align: center;\"><span style=\"color: #00ffff;\">Les donn\u00e9es statistiques utilis\u00e9es couramment en canc\u00e9rologie<\/span><\/h5>\n<p>&nbsp;<\/p>\n<ul>\n<li style=\"list-style-type: none;\">\n<ul>\n<li style=\"text-align: justify;\"><strong><u>La m\u00e9diane de survie<\/u><\/strong> : C&rsquo;est la donn\u00e9e la plus souvent utilis\u00e9e. Attention, c&rsquo;est une m\u00e9diane pas une moyenne. C&rsquo;est une donn\u00e9e math\u00e9matique\u00a0: si l&rsquo;on dit que la m\u00e9diane de survie d&rsquo;un chien atteint d&rsquo;un <span class=\"tooltips \" style=\"\" title=\"Tumeur provenant de la prolif\u00e9ration de cellules tumorales d\u00e9rivants de mastocytes.\"><span style=\"color: #800080;\"><strong>mastocytome<\/strong><\/span><\/span> de <span class=\"tooltips \" style=\"\" title=\"Correspond \u00e0 l\u2019agressivit\u00e9 histologique d\u2019une tumeur.\"><strong><span style=\"color: #800080;\">grade<\/span><\/strong><\/span> 3 est de 278 jours, cela signifie que 50% des chiens vivent moins de 278 jours et 50% vivent plus 278 jours. Parmi ceux qui vivent moins de 278 jours, certains ont pu vivre 277 jours et d&rsquo;autres moins de 90 jours. Parmi ceux vivant plus de 278 jours, certains ont pu vivre 279 jours ou \u00e0 l&rsquo;inverse plus de 400 jours !<\/li>\n<li style=\"text-align: justify;\"><strong><u>Le taux de survie globale (overall survival rate)<\/u><\/strong> : il correspond au pourcentage d&rsquo;individus en vie apr\u00e8s une p\u00e9riode d&rsquo;une dur\u00e9e d\u00e9finie apr\u00e8s le diagnostic d&rsquo;une tumeur.<\/li>\n<li style=\"text-align: justify;\"><strong><u>La survie sans maladie (disease free survival, DFS)<\/u> <\/strong>: elle correspond \u00e0 la dur\u00e9e pendant laquelle survit un animal sans avoir manifest\u00e9 les sympt\u00f4mes de son cancer, apr\u00e8s la fin d\u2019un premier traitement.<\/li>\n<li style=\"text-align: justify;\"><strong><u>La survie sans progression (progression free survival PFS)<\/u><\/strong> : elle correspond \u00e0 la dur\u00e9e, pendant ou apr\u00e8s la fin du traitement, pendant laquelle la maladie ne s&rsquo;aggrave pas.<a style=\"font-size: 1rem; background-image: url('img\/anchor.gif'); text-align: start;\" name=\"p5\"><\/a><\/li>\n<li><strong><u>Le pourcentage de r\u00e9cidives<\/u><\/strong> : il correspond au pourcentage d&rsquo;animaux dont le cancer redevient d\u00e9tectable apr\u00e8s une r\u00e9solution clinique des sympt\u00f4mes faisant suite \u00e0 un traitement.<\/li>\n<\/ul>\n<\/li>\n<\/ul>\n<p>&nbsp;<\/p>\n<h5 style=\"text-align: center;\"><span style=\"color: #00ffff;\">Comment interpr\u00e9ter les donn\u00e9es pronostiques ?<\/span><\/h5>\n<p>&nbsp;<\/p>\n<p style=\"text-align: justify;\">Les donn\u00e9es sont issues d&rsquo;\u00e9tudes cliniques qui g\u00e9n\u00e9ralement donnent des r\u00e9sultats <strong>repr\u00e9sentatifs d&rsquo;une situation donn\u00e9e<\/strong>. Par exemple, la m\u00e9diane de survie aura pu \u00eatre \u00e9tablie pour des animaux suivant un protocole pr\u00e9cis de chimioth\u00e9rapie, \u00e0 l&rsquo;inverse elle pourra avoir \u00e9t\u00e9 \u00e9tablie pour plusieurs traitements sans les distinguer. Certaines \u00e9tudes expriment des donn\u00e9es de survies en fonction du grade, d&rsquo;autres en fonction du stade clinique, etc.<\/p>\n<p style=\"text-align: justify;\">Finalement, il est compliqu\u00e9 de trouver une \u00e9tude fournissant <strong>des donn\u00e9es parfaitement adapt\u00e9es<\/strong> \u00e0 la situation d&rsquo;un chien ou d&rsquo;un chat en particulier\u00a0!<\/p>\n<p style=\"text-align: justify;\">Il faut donc toujours tenir compte des conditions dans lesquelles ont \u00e9t\u00e9 r\u00e9alis\u00e9es les \u00e9tudes et <strong>se m\u00e9fier de l&rsquo;extrapolation de ces donn\u00e9es<\/strong> dans un contexte clinique particulier.<\/p>\n<p style=\"text-align: justify;\">Mais soyez rassur\u00e9s, le v\u00e9t\u00e9rinaire est, fort heureusement, rompu \u00e0 ce type d\u2019analyse et sait interpr\u00e9ter et traduire la diversit\u00e9 et la complexit\u00e9 des \u00e9tudes publi\u00e9es sur lesquelles il doit appuyer sa d\u00e9marche\u00a0!<\/p>\n<p>&nbsp;<\/p>\n<p>&nbsp;<\/p>\n<p>&nbsp;<\/p>\n<p>&nbsp;<\/p>\n<p>&nbsp;<\/p>\n<p>&nbsp;<\/p>\n","protected":false},"excerpt":{"rendered":"<p>Evaluer un pronostic Sur quelles bases s&rsquo;appuie-t-on pour etablir un pronostic ? Les notions de r\u00e9mission et de gu\u00e9rison L&rsquo;\u00e9valuation de l&rsquo;efficacit\u00e9 d&rsquo;un traitement Les donn\u00e9es statistiques utilis\u00e9es couramment en canc\u00e9rologie Comment interpr\u00e9ter les donn\u00e9es pronostiques\u00a0? &nbsp; &nbsp; &nbsp; &nbsp; Le pronostic est une estimation de l&rsquo;\u00e9volution et\/ou de l&rsquo;issue vraisemblable d&rsquo;une maladie. Il s&rsquo;appuie &hellip; <\/p>\n<p class=\"link-more\"><a href=\"http:\/\/cancer-chien-chat.vetagro-sup.fr\/index.php\/le-pronostic-en-cancerologie\/\" class=\"more-link\">Continuer la lecture<span class=\"screen-reader-text\"> de &laquo;&nbsp;Le pronostic&nbsp;&raquo;<\/span><\/a><\/p>\n","protected":false},"author":2,"featured_media":0,"parent":0,"menu_order":0,"comment_status":"closed","ping_status":"closed","template":"","meta":{"footnotes":""},"class_list":["post-271","page","type-page","status-publish","hentry"],"yoast_head":"<!-- This site is optimized with the Yoast SEO plugin v27.5 - https:\/\/yoast.com\/product\/yoast-seo-wordpress\/ -->\n<title>Le pronostic - Mon Animal et son Cancer<\/title>\n<meta name=\"robots\" content=\"index, follow, max-snippet:-1, max-image-preview:large, max-video-preview:-1\" \/>\n<link rel=\"canonical\" href=\"http:\/\/cancer-chien-chat.vetagro-sup.fr\/index.php\/le-pronostic-en-cancerologie\/\" \/>\n<meta property=\"og:locale\" content=\"fr_FR\" \/>\n<meta property=\"og:type\" content=\"article\" \/>\n<meta property=\"og:title\" content=\"Le pronostic - Mon Animal et son Cancer\" \/>\n<meta property=\"og:description\" content=\"Evaluer un pronostic Sur quelles bases s&rsquo;appuie-t-on pour etablir un pronostic ? Les notions de r\u00e9mission et de gu\u00e9rison L&rsquo;\u00e9valuation de l&rsquo;efficacit\u00e9 d&rsquo;un traitement Les donn\u00e9es statistiques utilis\u00e9es couramment en canc\u00e9rologie Comment interpr\u00e9ter les donn\u00e9es pronostiques\u00a0? &nbsp; &nbsp; &nbsp; &nbsp; Le pronostic est une estimation de l&rsquo;\u00e9volution et\/ou de l&rsquo;issue vraisemblable d&rsquo;une maladie. Il s&rsquo;appuie &hellip; Continuer la lecture de &laquo;&nbsp;Le pronostic&nbsp;&raquo;\" \/>\n<meta property=\"og:url\" content=\"http:\/\/cancer-chien-chat.vetagro-sup.fr\/index.php\/le-pronostic-en-cancerologie\/\" \/>\n<meta property=\"og:site_name\" content=\"Mon Animal et son Cancer\" \/>\n<meta property=\"article:modified_time\" content=\"2018-10-25T18:36:00+00:00\" \/>\n<meta property=\"og:image\" content=\"http:\/\/cancer-chien-chat.vetagro-sup.fr\/wp-content\/uploads\/2018\/08\/Evaluer-un-pronostic.png\" \/>\n<meta name=\"twitter:card\" content=\"summary_large_image\" \/>\n<meta name=\"twitter:label1\" content=\"Dur\u00e9e de lecture estim\u00e9e\" \/>\n\t<meta name=\"twitter:data1\" content=\"6 minutes\" \/>\n<script type=\"application\/ld+json\" class=\"yoast-schema-graph\">{\"@context\":\"https:\\\/\\\/schema.org\",\"@graph\":[{\"@type\":\"WebPage\",\"@id\":\"http:\\\/\\\/cancer-chien-chat.vetagro-sup.fr\\\/index.php\\\/le-pronostic-en-cancerologie\\\/\",\"url\":\"http:\\\/\\\/cancer-chien-chat.vetagro-sup.fr\\\/index.php\\\/le-pronostic-en-cancerologie\\\/\",\"name\":\"Le pronostic - Mon Animal et son Cancer\",\"isPartOf\":{\"@id\":\"http:\\\/\\\/cancer-chien-chat.vetagro-sup.fr\\\/#website\"},\"primaryImageOfPage\":{\"@id\":\"http:\\\/\\\/cancer-chien-chat.vetagro-sup.fr\\\/index.php\\\/le-pronostic-en-cancerologie\\\/#primaryimage\"},\"image\":{\"@id\":\"http:\\\/\\\/cancer-chien-chat.vetagro-sup.fr\\\/index.php\\\/le-pronostic-en-cancerologie\\\/#primaryimage\"},\"thumbnailUrl\":\"http:\\\/\\\/cancer-chien-chat.vetagro-sup.fr\\\/wp-content\\\/uploads\\\/2018\\\/08\\\/Evaluer-un-pronostic.png\",\"datePublished\":\"2018-07-11T08:50:45+00:00\",\"dateModified\":\"2018-10-25T18:36:00+00:00\",\"breadcrumb\":{\"@id\":\"http:\\\/\\\/cancer-chien-chat.vetagro-sup.fr\\\/index.php\\\/le-pronostic-en-cancerologie\\\/#breadcrumb\"},\"inLanguage\":\"fr-FR\",\"potentialAction\":[{\"@type\":\"ReadAction\",\"target\":[\"http:\\\/\\\/cancer-chien-chat.vetagro-sup.fr\\\/index.php\\\/le-pronostic-en-cancerologie\\\/\"]}]},{\"@type\":\"ImageObject\",\"inLanguage\":\"fr-FR\",\"@id\":\"http:\\\/\\\/cancer-chien-chat.vetagro-sup.fr\\\/index.php\\\/le-pronostic-en-cancerologie\\\/#primaryimage\",\"url\":\"http:\\\/\\\/cancer-chien-chat.vetagro-sup.fr\\\/wp-content\\\/uploads\\\/2018\\\/08\\\/Evaluer-un-pronostic.png\",\"contentUrl\":\"http:\\\/\\\/cancer-chien-chat.vetagro-sup.fr\\\/wp-content\\\/uploads\\\/2018\\\/08\\\/Evaluer-un-pronostic.png\",\"width\":746,\"height\":378},{\"@type\":\"BreadcrumbList\",\"@id\":\"http:\\\/\\\/cancer-chien-chat.vetagro-sup.fr\\\/index.php\\\/le-pronostic-en-cancerologie\\\/#breadcrumb\",\"itemListElement\":[{\"@type\":\"ListItem\",\"position\":1,\"name\":\"Accueil\",\"item\":\"http:\\\/\\\/cancer-chien-chat.vetagro-sup.fr\\\/\"},{\"@type\":\"ListItem\",\"position\":2,\"name\":\"Le pronostic\"}]},{\"@type\":\"WebSite\",\"@id\":\"http:\\\/\\\/cancer-chien-chat.vetagro-sup.fr\\\/#website\",\"url\":\"http:\\\/\\\/cancer-chien-chat.vetagro-sup.fr\\\/\",\"name\":\"Mon Animal et son Cancer\",\"description\":\"Site de canc\u00e9rologie v\u00e9t\u00e9rinaire destin\u00e9 aux propri\u00e9taires de chiens et de chats atteints d&#039;un cancer.\",\"potentialAction\":[{\"@type\":\"SearchAction\",\"target\":{\"@type\":\"EntryPoint\",\"urlTemplate\":\"http:\\\/\\\/cancer-chien-chat.vetagro-sup.fr\\\/?s={search_term_string}\"},\"query-input\":{\"@type\":\"PropertyValueSpecification\",\"valueRequired\":true,\"valueName\":\"search_term_string\"}}],\"inLanguage\":\"fr-FR\"}]}<\/script>\n<!-- \/ Yoast SEO plugin. -->","yoast_head_json":{"title":"Le pronostic - Mon Animal et son Cancer","robots":{"index":"index","follow":"follow","max-snippet":"max-snippet:-1","max-image-preview":"max-image-preview:large","max-video-preview":"max-video-preview:-1"},"canonical":"http:\/\/cancer-chien-chat.vetagro-sup.fr\/index.php\/le-pronostic-en-cancerologie\/","og_locale":"fr_FR","og_type":"article","og_title":"Le pronostic - Mon Animal et son Cancer","og_description":"Evaluer un pronostic Sur quelles bases s&rsquo;appuie-t-on pour etablir un pronostic ? Les notions de r\u00e9mission et de gu\u00e9rison L&rsquo;\u00e9valuation de l&rsquo;efficacit\u00e9 d&rsquo;un traitement Les donn\u00e9es statistiques utilis\u00e9es couramment en canc\u00e9rologie Comment interpr\u00e9ter les donn\u00e9es pronostiques\u00a0? &nbsp; &nbsp; &nbsp; &nbsp; Le pronostic est une estimation de l&rsquo;\u00e9volution et\/ou de l&rsquo;issue vraisemblable d&rsquo;une maladie. Il s&rsquo;appuie &hellip; Continuer la lecture de &laquo;&nbsp;Le pronostic&nbsp;&raquo;","og_url":"http:\/\/cancer-chien-chat.vetagro-sup.fr\/index.php\/le-pronostic-en-cancerologie\/","og_site_name":"Mon Animal et son Cancer","article_modified_time":"2018-10-25T18:36:00+00:00","og_image":[{"url":"http:\/\/cancer-chien-chat.vetagro-sup.fr\/wp-content\/uploads\/2018\/08\/Evaluer-un-pronostic.png","type":"","width":"","height":""}],"twitter_card":"summary_large_image","twitter_misc":{"Dur\u00e9e de lecture estim\u00e9e":"6 minutes"},"schema":{"@context":"https:\/\/schema.org","@graph":[{"@type":"WebPage","@id":"http:\/\/cancer-chien-chat.vetagro-sup.fr\/index.php\/le-pronostic-en-cancerologie\/","url":"http:\/\/cancer-chien-chat.vetagro-sup.fr\/index.php\/le-pronostic-en-cancerologie\/","name":"Le pronostic - Mon Animal et son Cancer","isPartOf":{"@id":"http:\/\/cancer-chien-chat.vetagro-sup.fr\/#website"},"primaryImageOfPage":{"@id":"http:\/\/cancer-chien-chat.vetagro-sup.fr\/index.php\/le-pronostic-en-cancerologie\/#primaryimage"},"image":{"@id":"http:\/\/cancer-chien-chat.vetagro-sup.fr\/index.php\/le-pronostic-en-cancerologie\/#primaryimage"},"thumbnailUrl":"http:\/\/cancer-chien-chat.vetagro-sup.fr\/wp-content\/uploads\/2018\/08\/Evaluer-un-pronostic.png","datePublished":"2018-07-11T08:50:45+00:00","dateModified":"2018-10-25T18:36:00+00:00","breadcrumb":{"@id":"http:\/\/cancer-chien-chat.vetagro-sup.fr\/index.php\/le-pronostic-en-cancerologie\/#breadcrumb"},"inLanguage":"fr-FR","potentialAction":[{"@type":"ReadAction","target":["http:\/\/cancer-chien-chat.vetagro-sup.fr\/index.php\/le-pronostic-en-cancerologie\/"]}]},{"@type":"ImageObject","inLanguage":"fr-FR","@id":"http:\/\/cancer-chien-chat.vetagro-sup.fr\/index.php\/le-pronostic-en-cancerologie\/#primaryimage","url":"http:\/\/cancer-chien-chat.vetagro-sup.fr\/wp-content\/uploads\/2018\/08\/Evaluer-un-pronostic.png","contentUrl":"http:\/\/cancer-chien-chat.vetagro-sup.fr\/wp-content\/uploads\/2018\/08\/Evaluer-un-pronostic.png","width":746,"height":378},{"@type":"BreadcrumbList","@id":"http:\/\/cancer-chien-chat.vetagro-sup.fr\/index.php\/le-pronostic-en-cancerologie\/#breadcrumb","itemListElement":[{"@type":"ListItem","position":1,"name":"Accueil","item":"http:\/\/cancer-chien-chat.vetagro-sup.fr\/"},{"@type":"ListItem","position":2,"name":"Le pronostic"}]},{"@type":"WebSite","@id":"http:\/\/cancer-chien-chat.vetagro-sup.fr\/#website","url":"http:\/\/cancer-chien-chat.vetagro-sup.fr\/","name":"Mon Animal et son Cancer","description":"Site de canc\u00e9rologie v\u00e9t\u00e9rinaire destin\u00e9 aux propri\u00e9taires de chiens et de chats atteints d&#039;un cancer.","potentialAction":[{"@type":"SearchAction","target":{"@type":"EntryPoint","urlTemplate":"http:\/\/cancer-chien-chat.vetagro-sup.fr\/?s={search_term_string}"},"query-input":{"@type":"PropertyValueSpecification","valueRequired":true,"valueName":"search_term_string"}}],"inLanguage":"fr-FR"}]}},"_links":{"self":[{"href":"http:\/\/cancer-chien-chat.vetagro-sup.fr\/index.php\/wp-json\/wp\/v2\/pages\/271","targetHints":{"allow":["GET"]}}],"collection":[{"href":"http:\/\/cancer-chien-chat.vetagro-sup.fr\/index.php\/wp-json\/wp\/v2\/pages"}],"about":[{"href":"http:\/\/cancer-chien-chat.vetagro-sup.fr\/index.php\/wp-json\/wp\/v2\/types\/page"}],"author":[{"embeddable":true,"href":"http:\/\/cancer-chien-chat.vetagro-sup.fr\/index.php\/wp-json\/wp\/v2\/users\/2"}],"replies":[{"embeddable":true,"href":"http:\/\/cancer-chien-chat.vetagro-sup.fr\/index.php\/wp-json\/wp\/v2\/comments?post=271"}],"version-history":[{"count":9,"href":"http:\/\/cancer-chien-chat.vetagro-sup.fr\/index.php\/wp-json\/wp\/v2\/pages\/271\/revisions"}],"predecessor-version":[{"id":942,"href":"http:\/\/cancer-chien-chat.vetagro-sup.fr\/index.php\/wp-json\/wp\/v2\/pages\/271\/revisions\/942"}],"wp:attachment":[{"href":"http:\/\/cancer-chien-chat.vetagro-sup.fr\/index.php\/wp-json\/wp\/v2\/media?parent=271"}],"curies":[{"name":"wp","href":"https:\/\/api.w.org\/{rel}","templated":true}]}}