{"id":219,"date":"2018-07-11T10:22:05","date_gmt":"2018-07-11T08:22:05","guid":{"rendered":"http:\/\/cancer-chien-chat.vetagro-sup.fr\/?page_id=219"},"modified":"2018-10-29T14:14:47","modified_gmt":"2018-10-29T13:14:47","slug":"limmunotherapie-anti-tumorale","status":"publish","type":"page","link":"http:\/\/cancer-chien-chat.vetagro-sup.fr\/index.php\/limmunotherapie-anti-tumorale\/","title":{"rendered":"L&rsquo;immunoth\u00e9rapie anti-tumorale"},"content":{"rendered":"<h1 style=\"text-align: center;\"><span style=\"color: #ff6600;\"><strong>L&rsquo;immunoth\u00e9rapie anti-tumorale<\/strong><\/span><\/h1>\n<h2><strong><span style=\"color: #800080;\"><a style=\"color: #800080;\" href=\"#i1\">Quelques bases d&rsquo;immunologie<\/a><\/span><\/strong><\/h2>\n<h2><strong><span style=\"color: #800080;\"><a style=\"color: #800080;\" href=\"#i2\">Les stimulations non sp\u00e9cifiques du syst\u00e8mes<\/a><\/span><\/strong><\/h2>\n<h4 style=\"padding-left: 30px;\"><span style=\"color: #008000;\"><a style=\"color: #008000;\" href=\"#i21\">L&rsquo;utilisation de modificateurs de la r\u00e9ponse biologique<\/a><\/span><br \/>\n<span style=\"color: #008000;\"><a style=\"color: #008000;\" href=\"#i22\">La stimulation de l&rsquo;immunit\u00e9 par le biais de cytokines<\/a><\/span><br \/>\n<span style=\"color: #008000;\"><a style=\"color: #008000;\" href=\"#i23\">Cibler le microenvironnement tumoral<\/a><\/span><\/h4>\n<h2><strong><span style=\"color: #800080;\"><a style=\"color: #800080;\" href=\"#i3\">Stimulation sp\u00e9cifique du syst\u00e8me immunitaire<\/a><\/span><\/strong><\/h2>\n<h4 style=\"padding-left: 30px;\"><span style=\"color: #008000;\"><a style=\"color: #000000;\" href=\"#i31\"><span style=\"color: #008000;\">L&rsquo;utilisation de vaccins<br \/>\n<\/span><\/a><\/span><span style=\"color: #008000;\"><a style=\"color: #008000;\" href=\"#i32\">L&rsquo;utilisation d&rsquo;anticorps<\/a><\/span><\/h4>\n<p>&nbsp;<\/p>\n<p style=\"text-align: justify;\">L&rsquo;immunoth\u00e9rapie est un traitement qui utilise le syst\u00e8me immunitaire comme moyen de lutte contre la maladie. Nous avons vu dans <span style=\"color: #0000ff;\"><a style=\"color: #0000ff;\" href=\"http:\/\/cancer-chien-chat.vetagro-sup.fr\/index.php\/comprendre-le-cancer\/\">Bases de biologie et de canc\u00e9rologie<\/a><\/span>, qu&rsquo;il \u00e9tait essentiel qu&rsquo;une tumeur \u00e9chappe au syst\u00e8me immunitaire pour se d\u00e9velopper (voir <a href=\"http:\/\/cancer-chien-chat.vetagro-sup.fr\/index.php\/comprendre-le-cancer\/#a32\"><span style=\"color: #0000ff;\">l&rsquo;\u00e9chappement \u00e0 la r\u00e9ponse immunitaire<\/span><\/a>). En effet, le syst\u00e8me immunitaire poss\u00e8de la capacit\u00e9 de d\u00e9tecter et de neutraliser les cellules tumorales.<\/p>\n<p style=\"text-align: justify;\">L&rsquo;immunoth\u00e9rapie est en plein essor tant d&rsquo;un point de vue de la recherche que dans la mise au point de nouvelles th\u00e9rapeutiques. Certains auteurs estiment m\u00eame qu&rsquo;elle fera un jour partie des grandes options th\u00e9rapeutiques au m\u00eame titre que la chimioth\u00e9rapie, la chirurgie et la radioth\u00e9rapie. <a name=\"i1\"><\/a>L\u2019objectif de l\u2019immunoth\u00e9rapie est d&rsquo;obtenir une r\u00e9ponse anti-tumorale efficace et de longue dur\u00e9e en esp\u00e9rant des effets secondaires moins importants que ceux des th\u00e9rapies classiques.<\/p>\n<h2 style=\"text-align: center;\"><span style=\"text-decoration: underline; color: #800080;\"><strong>Quelques bases d&rsquo;immunologie<\/strong><\/span><\/h2>\n<p>&nbsp;<\/p>\n<p style=\"text-align: justify;\">On peut distinguer deux types d&rsquo;immunit\u00e9s : l&rsquo;immunit\u00e9 <em>inn\u00e9e<\/em> et l&rsquo;immunit\u00e9 dite <em>acquise<\/em>. Pour simplifier, la premi\u00e8re est une immunit\u00e9 non sp\u00e9cifique qui fonctionne indistinctement et sans d\u00e9lai pour tous les agents \u00e9trangers de l&rsquo;organisme. La seconde agit sp\u00e9cifiquement via la reconnaissance d&rsquo;<span class=\"tooltips \" style=\"\" title=\"Agents susceptibles de provoquer la formation d\u2019anticorps interagissant sp\u00e9cifiquement avec cet antig\u00e8ne.\"><span style=\"color: #800080;\"><strong>antig\u00e8nes<\/strong><\/span><\/span>\u00a0et cible donc les agents (cellules, bact\u00e9ries, etc.) portant ces antig\u00e8nes. L&rsquo;immunit\u00e9 sp\u00e9cifique, encore appel\u00e9e <em>immunit\u00e9 acquise<\/em> ou <em>immunit\u00e9 retard\u00e9e<\/em>, poss\u00e8de une m\u00e9moire durable des antig\u00e8nes rencontr\u00e9s. Cette m\u00e9moire permet une r\u00e9action plus efficace et plus rapide lorsque ces antig\u00e8nes sont \u00e0 nouveau rencontr\u00e9s ; en revanche cette immunit\u00e9 est plus longue \u00e0 se mettre en place (les vaccins sont un bon exemple de cette immunit\u00e9). L&rsquo;immunit\u00e9 acquise dispose de plusieurs moyens pour \u00e9liminer les \u00e9l\u00e9ments \u00e9trangers, comme les cellules immunitaires ou les anticorps. Les immunit\u00e9s inn\u00e9e et acquise ne sont pas deux entit\u00e9s distinctes mais au contraire deux syst\u00e8mes compl\u00e9mentaires. \u00a0Pour une r\u00e9ponse sp\u00e9cifique du syst\u00e8me immunitaire, il faut que la tumeur soit reconnue en tant qu&rsquo;anomalie. Cette reconnaissance se fait par le biais d&rsquo;antig\u00e8nes. Ces antig\u00e8nes tumoraux sont d\u00e9sign\u00e9s sous le nom d&rsquo;antig\u00e8nes associ\u00e9s aux tumeurs. Ils peuvent \u00eatre sp\u00e9cifiques d&rsquo;une tumeur, d&rsquo;un type de tumeur ou bien \u00eatre non sp\u00e9cifiques d&rsquo;un processus tumoral. Le syst\u00e8me immunitaire agira contre ces antig\u00e8nes via des anticorps (on parlera de r\u00e9ponse humorale) et des cellules (on parlera de r\u00e9ponse cellulaire avec intervention de cellules telles que des lymphocytes de type T et les <em>Natural Killer<\/em>).\u00a0Certaines th\u00e9rapies se basent sur l&rsquo;utilisation d&rsquo;une reconnaissance sp\u00e9cifique de la tumeur, d&rsquo;autres non. Ainsi on stimulera sp\u00e9cifiquement ou non sp\u00e9cifiquement le syst\u00e8me immunitaire pour accroitre son action vis \u00e0 vis de la tumeur. \u00a0Les techniques cit\u00e9es ci-dessous sont pour la plupart utilis\u00e9es majoritairement <a name=\"i2\"><\/a>en m\u00e9decine humaine ou sont encore \u00e0 l&rsquo;\u00e9tat d&rsquo;essais cliniques. Sauf exception, elles ne sont pas disponibles en m\u00e9decine v\u00e9t\u00e9rinaire (hormis dans le cadre d&rsquo;essais cliniques). Actuellement, en m\u00e9decine v\u00e9t\u00e9rinaire, la th\u00e9rapie la plus r\u00e9pandue est l&rsquo;utilisation de vaccins th\u00e9rapeutiques dans le traitement des m\u00e9lanomes.<\/p>\n<p><a name=\"i21\"><\/a><\/p>\n<h2><span style=\"text-decoration: underline;\"><strong><span style=\"color: #800080; text-decoration: underline;\">Les stimulations non sp\u00e9cifiques du syst\u00e8me immunitaire<\/span><\/strong><\/span><\/h2>\n<p>&nbsp;<\/p>\n<h4 style=\"text-align: center;\"><span style=\"color: #008000;\">L&rsquo;utilisation de modificateurs de la r\u00e9ponse biologique<\/span><\/h4>\n<p>&nbsp;<\/p>\n<p style=\"text-align: justify;\">Les modificateurs de la r\u00e9ponse biologique sont des agents d\u00e9riv\u00e9s du vivant qui vont permettre de moduler la r\u00e9action immunitaire.<\/p>\n<p style=\"text-align: justify;\">Par exemple, certains agents ajout\u00e9s dans l&rsquo;environnement proche de la tumeur vont stimuler l&rsquo;inflammation autour de cette derni\u00e8re et entra\u00eener un effet anti-tumoral. Des bact\u00e9ries modifi\u00e9es artificiellement ont ainsi \u00e9t\u00e9 test\u00e9es comme le BCG.<\/p>\n<p style=\"text-align: justify;\">L&rsquo;utilisation d&rsquo;antig\u00e8nes interagissant de mani\u00e8re non sp\u00e9cifique le syst\u00e8me immunitaire a aussi \u00e9t\u00e9 explor\u00e9e. Ces antig\u00e8nes stimulent de nombreuses cellules immunitaires (dont des lymphocytes T) qui ont une action anti-tumorale.<\/p>\n<p style=\"text-align: justify;\"><a name=\"i22\"><\/a>Certains virus modifi\u00e9s g\u00e9n\u00e9tiquement ont aussi \u00e9t\u00e9 utilis\u00e9s. En effet, ces derniers s&rsquo;attaquent aux cellules tumorales de mani\u00e8re pr\u00e9f\u00e9rentielle et les d\u00e9truisent, entra\u00eenant ainsi la lib\u00e9ration d\u2019antig\u00e8nes tumoraux. Ces antig\u00e8nes sont ensuite d\u00e9tect\u00e9s par le syst\u00e8me immunitaire et stimulent ce dernier.<\/p>\n<h4 style=\"text-align: center;\"><strong><span style=\"color: #008000;\">La stimulation de l&rsquo;immunit\u00e9 par le biais de cytokines<\/span><\/strong><\/h4>\n<p>&nbsp;<\/p>\n<p style=\"text-align: justify;\">Ces th\u00e9rapies visent \u00e0 augmenter la quantit\u00e9 de <span class=\"tooltips \" style=\"\" title=\"Mol\u00e9cules produites par des cellules agissant sur d\u2019autres cellules de mani\u00e8re \u00e0 modifier leur fonctionnement ou leur activit\u00e9. On peut les comparer \u00e0 des messagers cellulaires.\"><span style=\"color: #800080;\"><strong>cytokines<\/strong><\/span><\/span> de mani\u00e8re \u00e0 stimuler l&rsquo;immunit\u00e9. De nombreuses mol\u00e9cules ont \u00e9t\u00e9 test\u00e9es (comme les interleukines II, XII, XV, les interf\u00e9rons, etc.). Par exemple<a name=\"i23\"><\/a>, l&#8217;emploi d&rsquo;une cytokine, l&rsquo;interleukine XII, a permis dans une \u00e9tude une r\u00e9gression de 50 % du volume tumoral de certains <span class=\"tooltips \" style=\"\" title=\"Tumeurs provenant de la prolif\u00e9ration de cellules tumorales d\u00e9rivants de mastocytes. Pour plus d\u2019informations consulter l\u2019onglet d\u00e9taillant ce cancer.\"><strong><span style=\"color: #800080;\">mastocytomes<\/span><\/strong><\/span>.<\/p>\n<p>&nbsp;<\/p>\n<h4 style=\"text-align: center;\"><span style=\"color: #008000;\"><strong>Cibler le microenvironnement tumoral<\/strong><\/span><\/h4>\n<p>&nbsp;<\/p>\n<p style=\"text-align: justify;\">A l\u2019\u00e9chelle microscopique, l\u2019environnement tumoral est compos\u00e9 de diverses cellules qui influencent le d\u00e9veloppement de la tumeur et de sa sensibilit\u00e9 au syst\u00e8me immunitaire, la r\u00e9ponse de la tumeur aux diff\u00e9rentes th\u00e9rapies, etc. Des cellules immunitaires, proches de la tumeur, telles que des macrophages ou des polynucl\u00e9aires neutrophiles, favorisent le d\u00e9veloppement du cancer par le biais<a name=\"i3\"><\/a> de la production de mol\u00e9cules qui diminuent l&rsquo;efficacit\u00e9 de la r\u00e9ponse immunitaire ou qui stimulent l&rsquo;angiogen\u00e8se, etc. On peut donc cibler ce microenvironnement pour am\u00e9liorer la r\u00e9ponse immunitaire.<\/p>\n<p><a name=\"i31\"><\/a><\/p>\n<h2 style=\"text-align: center;\"><span style=\"text-decoration: underline; color: #800080;\"><strong>Stimulation sp\u00e9cifique du syst\u00e8me immunitaire<\/strong><\/span><\/h2>\n<p>&nbsp;<\/p>\n<h4 style=\"text-align: center;\"><span style=\"color: #008000;\">L&rsquo;utilisation de vaccins<\/span><\/h4>\n<p>&nbsp;<\/p>\n<p style=\"text-align: justify;\">Au contraire des vaccins classiques qui visent \u00e0 pr\u00e9venir une maladie, les vaccins th\u00e9rapeutiques ont une action dirig\u00e9e contre un cancer d\u00e9j\u00e0 install\u00e9. L&rsquo;objectif de ces th\u00e9rapies est de cr\u00e9er ou de renforcer la r\u00e9ponse immunitaire envers des cellules tumorales.<\/p>\n<p style=\"text-align: justify;\">Le principe g\u00e9n\u00e9ral de ces vaccins consiste \u00e0 mettre en contact les antig\u00e8nes tumoraux avec l&rsquo;organisme de mani\u00e8re \u00e0 d\u00e9clencher et\/ou renforcer une r\u00e9ponse immunitaire via l&rsquo;immunit\u00e9 acquise. Il a ainsi \u00e9t\u00e9 test\u00e9 des vaccins contre divers cancers, comme les <span class=\"tooltips \" style=\"\" title=\"Cancers se d\u00e9veloppant \u00e0 partir des tissus lympho\u00efde, lesquels correspondent \u00e0 l\u2019ensemble des tissus ou &lt;strong&gt; &lt;\/strong&gt;&quot;r\u00e9sident&quot; les cellules immunitaires.\"><span style=\"color: #800080;\"><strong>lymphomes<\/strong><\/span><\/span>, les <span class=\"tooltips \" style=\"\" title=\"\"><span style=\"color: #800080;\"><strong>m\u00e9ningiomes<\/strong><\/span><\/span>, les <span class=\"tooltips \" style=\"\" title=\"Tumeur maligne se d\u00e9veloppant \u00e0 partir des m\u00e9lanocytes.\"><span style=\"color: #800080;\"><strong>m\u00e9lanomes<\/strong><\/span><\/span>,\u2026 Certains essais ce sont av\u00e9r\u00e9s infructueux, d&rsquo;autres plus heureux. Plusieurs vaccins montrent des r\u00e9sultats int\u00e9ressants d&rsquo;un point de vue clinique, d&rsquo;autres d&rsquo;un point de vue plus th\u00e9orique. Ainsi l&#8217;emploi de vaccins dans le cadre du traitement de m\u00e9ningiomes ou de lymphomes a par exemple montr\u00e9 une augmentation de la dur\u00e9e de survie des animaux recevant ces traitements.<\/p>\n<p style=\"text-align: justify;\">Beaucoup de ces vaccins ont \u00e9t\u00e9 utilis\u00e9s dans le cadre d&rsquo;essais cliniques, mais l\u2019un d&rsquo;entre eux est d\u2019ores et d\u00e9j\u00e0 approuv\u00e9 dans une utilisation th\u00e9rapeutique v\u00e9t\u00e9rinaire par<a name=\"i32\"><\/a> le D\u00e9partement de l&rsquo;Agriculture des Etats-Unis. Ce vaccin est pr\u00e9conis\u00e9 dans le traitement de m\u00e9lanomes de stade 2 et 3. Cependant, \u00a0les r\u00e9sultats restent tr\u00e8s controvers\u00e9s et ce type de traitement ne doit \u00eatre utilis\u00e9 qu\u2019en combinaison avec les autres traitements standards.<\/p>\n<h4 style=\"text-align: center;\"><span style=\"color: #008000;\">L&rsquo;utilisation d&rsquo;anticorps<\/span><\/h4>\n<p>&nbsp;<\/p>\n<p style=\"text-align: justify;\">Les anticorps vont se fixer aux antig\u00e8nes des cellules tumorales et agir par diff\u00e9rents moyens, comme entrainer la mort des cellules via une cytotoxicit\u00e9 directe ou via l&rsquo;induction de m\u00e9canismes faisant intervenir le syst\u00e8me immunitaire inn\u00e9 et acquis. On peut par exemple utiliser des anticorps qui vont cibler les lymphocytes B normaux et tumoraux de mani\u00e8re \u00e0 stimuler une r\u00e9ponse immunitaire contre ces lymphocytes. Une destruction de ces cellules sera alors observ\u00e9e. Cependant, ces anticorps ne ciblent pas les cellules \u00e0 partir desquelles sont form\u00e9s les lymphocytes normaux ce qui permettra \u00e0 l&rsquo;organisme de recr\u00e9er les cellules normales. Cette th\u00e9rapie utilis\u00e9e en m\u00e9decine humaine a \u00e9t\u00e9 test\u00e9e en m\u00e9decine v\u00e9t\u00e9rinaire sans r\u00e9sultats satisfaisants \u00e0 l&rsquo;heure actuelle. Toutefois, certains auteurs restent optimistes quant au potentiel de cette th\u00e9rapie en m\u00e9decine v\u00e9t\u00e9rinaire.<\/p>\n<p>&nbsp;<\/p>\n<p>&nbsp;<\/p>\n<p>&nbsp;<\/p>\n<p>&nbsp;<\/p>\n<p style=\"text-align: justify;\"><strong>Bien d&rsquo;autres techniques existent<\/strong> (modification et transfert de lymphocytes T, ciblage des points de contr\u00f4le des lymphocytes T, etc.), mais de nombreux progr\u00e8s restent encore \u00e0 faire dans ce domaine pour pouvoir utiliser ces types de traitement en m\u00e9decine v\u00e9t\u00e9rinaire. Toutefois, certains de ces traitements susceptibles d&rsquo;\u00eatre utilis\u00e9s plus fr\u00e9quemment dans nos protocoles th\u00e9rapeutiques d\u2019ici quelques ann\u00e9es ! Les \u00e9tudes sont en cours et nous devons r\u00e9unir assez de preuves scientifiques de leur efficacit\u00e9 en tant que traitement unique, ou en association avec les autres traitements, pour pouvoir vous les proposer.<\/p>\n","protected":false},"excerpt":{"rendered":"<p>L&rsquo;immunoth\u00e9rapie anti-tumorale Quelques bases d&rsquo;immunologie Les stimulations non sp\u00e9cifiques du syst\u00e8mes L&rsquo;utilisation de modificateurs de la r\u00e9ponse biologique La stimulation de l&rsquo;immunit\u00e9 par le biais de cytokines Cibler le microenvironnement tumoral Stimulation sp\u00e9cifique du syst\u00e8me immunitaire L&rsquo;utilisation de vaccins L&rsquo;utilisation d&rsquo;anticorps &nbsp; L&rsquo;immunoth\u00e9rapie est un traitement qui utilise le syst\u00e8me immunitaire comme moyen de lutte &hellip; <\/p>\n<p class=\"link-more\"><a href=\"http:\/\/cancer-chien-chat.vetagro-sup.fr\/index.php\/limmunotherapie-anti-tumorale\/\" class=\"more-link\">Continuer la lecture<span class=\"screen-reader-text\"> de &laquo;&nbsp;L&rsquo;immunoth\u00e9rapie anti-tumorale&nbsp;&raquo;<\/span><\/a><\/p>\n","protected":false},"author":2,"featured_media":0,"parent":0,"menu_order":0,"comment_status":"closed","ping_status":"closed","template":"","meta":{"footnotes":""},"class_list":["post-219","page","type-page","status-publish","hentry"],"yoast_head":"<!-- This site is optimized with the Yoast SEO plugin v27.6 - https:\/\/yoast.com\/product\/yoast-seo-wordpress\/ -->\n<title>L&#039;immunoth\u00e9rapie anti-tumorale - Mon Animal et son Cancer<\/title>\n<meta name=\"robots\" content=\"index, follow, max-snippet:-1, max-image-preview:large, max-video-preview:-1\" \/>\n<link rel=\"canonical\" href=\"http:\/\/cancer-chien-chat.vetagro-sup.fr\/index.php\/limmunotherapie-anti-tumorale\/\" \/>\n<meta property=\"og:locale\" content=\"fr_FR\" \/>\n<meta property=\"og:type\" content=\"article\" \/>\n<meta property=\"og:title\" content=\"L&#039;immunoth\u00e9rapie anti-tumorale - Mon Animal et son Cancer\" \/>\n<meta property=\"og:description\" content=\"L&rsquo;immunoth\u00e9rapie anti-tumorale Quelques bases d&rsquo;immunologie Les stimulations non sp\u00e9cifiques du syst\u00e8mes L&rsquo;utilisation de modificateurs de la r\u00e9ponse biologique La stimulation de l&rsquo;immunit\u00e9 par le biais de cytokines Cibler le microenvironnement tumoral Stimulation sp\u00e9cifique du syst\u00e8me immunitaire L&rsquo;utilisation de vaccins L&rsquo;utilisation d&rsquo;anticorps &nbsp; L&rsquo;immunoth\u00e9rapie est un traitement qui utilise le syst\u00e8me immunitaire comme moyen de lutte &hellip; Continuer la lecture de &laquo;&nbsp;L&rsquo;immunoth\u00e9rapie anti-tumorale&nbsp;&raquo;\" \/>\n<meta property=\"og:url\" content=\"http:\/\/cancer-chien-chat.vetagro-sup.fr\/index.php\/limmunotherapie-anti-tumorale\/\" \/>\n<meta property=\"og:site_name\" content=\"Mon Animal et son Cancer\" \/>\n<meta property=\"article:modified_time\" content=\"2018-10-29T13:14:47+00:00\" \/>\n<meta name=\"twitter:card\" content=\"summary_large_image\" \/>\n<meta name=\"twitter:label1\" content=\"Dur\u00e9e de lecture estim\u00e9e\" \/>\n\t<meta name=\"twitter:data1\" content=\"8 minutes\" \/>\n<script type=\"application\/ld+json\" class=\"yoast-schema-graph\">{\"@context\":\"https:\\\/\\\/schema.org\",\"@graph\":[{\"@type\":\"WebPage\",\"@id\":\"http:\\\/\\\/cancer-chien-chat.vetagro-sup.fr\\\/index.php\\\/limmunotherapie-anti-tumorale\\\/\",\"url\":\"http:\\\/\\\/cancer-chien-chat.vetagro-sup.fr\\\/index.php\\\/limmunotherapie-anti-tumorale\\\/\",\"name\":\"L'immunoth\u00e9rapie anti-tumorale - Mon Animal et son Cancer\",\"isPartOf\":{\"@id\":\"http:\\\/\\\/cancer-chien-chat.vetagro-sup.fr\\\/#website\"},\"datePublished\":\"2018-07-11T08:22:05+00:00\",\"dateModified\":\"2018-10-29T13:14:47+00:00\",\"breadcrumb\":{\"@id\":\"http:\\\/\\\/cancer-chien-chat.vetagro-sup.fr\\\/index.php\\\/limmunotherapie-anti-tumorale\\\/#breadcrumb\"},\"inLanguage\":\"fr-FR\",\"potentialAction\":[{\"@type\":\"ReadAction\",\"target\":[\"http:\\\/\\\/cancer-chien-chat.vetagro-sup.fr\\\/index.php\\\/limmunotherapie-anti-tumorale\\\/\"]}]},{\"@type\":\"BreadcrumbList\",\"@id\":\"http:\\\/\\\/cancer-chien-chat.vetagro-sup.fr\\\/index.php\\\/limmunotherapie-anti-tumorale\\\/#breadcrumb\",\"itemListElement\":[{\"@type\":\"ListItem\",\"position\":1,\"name\":\"Accueil\",\"item\":\"http:\\\/\\\/cancer-chien-chat.vetagro-sup.fr\\\/\"},{\"@type\":\"ListItem\",\"position\":2,\"name\":\"L&rsquo;immunoth\u00e9rapie anti-tumorale\"}]},{\"@type\":\"WebSite\",\"@id\":\"http:\\\/\\\/cancer-chien-chat.vetagro-sup.fr\\\/#website\",\"url\":\"http:\\\/\\\/cancer-chien-chat.vetagro-sup.fr\\\/\",\"name\":\"Mon Animal et son Cancer\",\"description\":\"Site de canc\u00e9rologie v\u00e9t\u00e9rinaire destin\u00e9 aux propri\u00e9taires de chiens et de chats atteints d&#039;un cancer.\",\"potentialAction\":[{\"@type\":\"SearchAction\",\"target\":{\"@type\":\"EntryPoint\",\"urlTemplate\":\"http:\\\/\\\/cancer-chien-chat.vetagro-sup.fr\\\/?s={search_term_string}\"},\"query-input\":{\"@type\":\"PropertyValueSpecification\",\"valueRequired\":true,\"valueName\":\"search_term_string\"}}],\"inLanguage\":\"fr-FR\"}]}<\/script>\n<!-- \/ Yoast SEO plugin. -->","yoast_head_json":{"title":"L'immunoth\u00e9rapie anti-tumorale - Mon Animal et son Cancer","robots":{"index":"index","follow":"follow","max-snippet":"max-snippet:-1","max-image-preview":"max-image-preview:large","max-video-preview":"max-video-preview:-1"},"canonical":"http:\/\/cancer-chien-chat.vetagro-sup.fr\/index.php\/limmunotherapie-anti-tumorale\/","og_locale":"fr_FR","og_type":"article","og_title":"L'immunoth\u00e9rapie anti-tumorale - Mon Animal et son Cancer","og_description":"L&rsquo;immunoth\u00e9rapie anti-tumorale Quelques bases d&rsquo;immunologie Les stimulations non sp\u00e9cifiques du syst\u00e8mes L&rsquo;utilisation de modificateurs de la r\u00e9ponse biologique La stimulation de l&rsquo;immunit\u00e9 par le biais de cytokines Cibler le microenvironnement tumoral Stimulation sp\u00e9cifique du syst\u00e8me immunitaire L&rsquo;utilisation de vaccins L&rsquo;utilisation d&rsquo;anticorps &nbsp; L&rsquo;immunoth\u00e9rapie est un traitement qui utilise le syst\u00e8me immunitaire comme moyen de lutte &hellip; Continuer la lecture de &laquo;&nbsp;L&rsquo;immunoth\u00e9rapie anti-tumorale&nbsp;&raquo;","og_url":"http:\/\/cancer-chien-chat.vetagro-sup.fr\/index.php\/limmunotherapie-anti-tumorale\/","og_site_name":"Mon Animal et son Cancer","article_modified_time":"2018-10-29T13:14:47+00:00","twitter_card":"summary_large_image","twitter_misc":{"Dur\u00e9e de lecture estim\u00e9e":"8 minutes"},"schema":{"@context":"https:\/\/schema.org","@graph":[{"@type":"WebPage","@id":"http:\/\/cancer-chien-chat.vetagro-sup.fr\/index.php\/limmunotherapie-anti-tumorale\/","url":"http:\/\/cancer-chien-chat.vetagro-sup.fr\/index.php\/limmunotherapie-anti-tumorale\/","name":"L'immunoth\u00e9rapie anti-tumorale - Mon Animal et son Cancer","isPartOf":{"@id":"http:\/\/cancer-chien-chat.vetagro-sup.fr\/#website"},"datePublished":"2018-07-11T08:22:05+00:00","dateModified":"2018-10-29T13:14:47+00:00","breadcrumb":{"@id":"http:\/\/cancer-chien-chat.vetagro-sup.fr\/index.php\/limmunotherapie-anti-tumorale\/#breadcrumb"},"inLanguage":"fr-FR","potentialAction":[{"@type":"ReadAction","target":["http:\/\/cancer-chien-chat.vetagro-sup.fr\/index.php\/limmunotherapie-anti-tumorale\/"]}]},{"@type":"BreadcrumbList","@id":"http:\/\/cancer-chien-chat.vetagro-sup.fr\/index.php\/limmunotherapie-anti-tumorale\/#breadcrumb","itemListElement":[{"@type":"ListItem","position":1,"name":"Accueil","item":"http:\/\/cancer-chien-chat.vetagro-sup.fr\/"},{"@type":"ListItem","position":2,"name":"L&rsquo;immunoth\u00e9rapie anti-tumorale"}]},{"@type":"WebSite","@id":"http:\/\/cancer-chien-chat.vetagro-sup.fr\/#website","url":"http:\/\/cancer-chien-chat.vetagro-sup.fr\/","name":"Mon Animal et son Cancer","description":"Site de canc\u00e9rologie v\u00e9t\u00e9rinaire destin\u00e9 aux propri\u00e9taires de chiens et de chats atteints d&#039;un cancer.","potentialAction":[{"@type":"SearchAction","target":{"@type":"EntryPoint","urlTemplate":"http:\/\/cancer-chien-chat.vetagro-sup.fr\/?s={search_term_string}"},"query-input":{"@type":"PropertyValueSpecification","valueRequired":true,"valueName":"search_term_string"}}],"inLanguage":"fr-FR"}]}},"_links":{"self":[{"href":"http:\/\/cancer-chien-chat.vetagro-sup.fr\/index.php\/wp-json\/wp\/v2\/pages\/219","targetHints":{"allow":["GET"]}}],"collection":[{"href":"http:\/\/cancer-chien-chat.vetagro-sup.fr\/index.php\/wp-json\/wp\/v2\/pages"}],"about":[{"href":"http:\/\/cancer-chien-chat.vetagro-sup.fr\/index.php\/wp-json\/wp\/v2\/types\/page"}],"author":[{"embeddable":true,"href":"http:\/\/cancer-chien-chat.vetagro-sup.fr\/index.php\/wp-json\/wp\/v2\/users\/2"}],"replies":[{"embeddable":true,"href":"http:\/\/cancer-chien-chat.vetagro-sup.fr\/index.php\/wp-json\/wp\/v2\/comments?post=219"}],"version-history":[{"count":15,"href":"http:\/\/cancer-chien-chat.vetagro-sup.fr\/index.php\/wp-json\/wp\/v2\/pages\/219\/revisions"}],"predecessor-version":[{"id":956,"href":"http:\/\/cancer-chien-chat.vetagro-sup.fr\/index.php\/wp-json\/wp\/v2\/pages\/219\/revisions\/956"}],"wp:attachment":[{"href":"http:\/\/cancer-chien-chat.vetagro-sup.fr\/index.php\/wp-json\/wp\/v2\/media?parent=219"}],"curies":[{"name":"wp","href":"https:\/\/api.w.org\/{rel}","templated":true}]}}