{"id":209,"date":"2018-07-11T10:18:04","date_gmt":"2018-07-11T08:18:04","guid":{"rendered":"http:\/\/cancer-chien-chat.vetagro-sup.fr\/?page_id=209"},"modified":"2018-09-27T10:01:27","modified_gmt":"2018-09-27T08:01:27","slug":"les-traitements-des-tumeurs","status":"publish","type":"page","link":"http:\/\/cancer-chien-chat.vetagro-sup.fr\/index.php\/les-traitements-des-tumeurs\/","title":{"rendered":"Les traitements"},"content":{"rendered":"<h1 style=\"text-align: center;\"><strong><span style=\"color: #ff6600;\">Les traitements<\/span><\/strong><\/h1>\n<p>&nbsp;<\/p>\n<p style=\"text-align: justify;\">Bienvenue dans la section consacr\u00e9e aux traitements employ\u00e9s en oncologie v\u00e9t\u00e9rinaire.<\/p>\n<p style=\"text-align: justify;\">Les trois th\u00e9rapies les plus r\u00e9pandues<span style=\"color: #333333;\"> sont <strong>la chirurgie<\/strong>, la <strong>chimioth\u00e9rapie conventionnelle<\/strong>\u00a0et la <strong>radioth\u00e9rapie<\/strong>. Ce ne sont<\/span> toutefois pas les seules th\u00e9rapies qui existent, parmi les autres traitements on compte la <span class=\"tooltips \" style=\"\" title=\"Correspond \u00e0 l\u2019administration quotidienne, de petites doses de mol\u00e9cules anticanc\u00e9reuses.\"><span style=\"color: #800080;\"><strong>chimioth\u00e9rapie m\u00e9tronomique<\/strong><\/span><\/span>, l&rsquo;immunoth\u00e9rapie, les inhibiteurs des tyrosine-kinases, etc. Les deux derni\u00e8res th\u00e9rapies appartiennent au groupe des th\u00e9rapies cibl\u00e9es (ce sont des th\u00e9rapies qui agissent plus sp\u00e9cifiquement sur les cellules tumorales).<\/p>\n<p style=\"text-align: justify;\">De nouveaux traitements sont r\u00e9guli\u00e8rement d\u00e9couverts : les th\u00e9rapies utilis\u00e9es \u00e9voluent. \u00c1 tous ces traitements s&rsquo;ajoutent les traitements de support permettant, le cas \u00e9ch\u00e9ant, de fournir un soutien nutritionnel ou bien de g\u00e9rer les diff\u00e9rentes douleurs dont peuvent souffrir vos animaux.<\/p>\n<p style=\"text-align: justify;\">L&rsquo;oncologue v\u00e9t\u00e9rinaire ou le clinicien en charge de votre animal vous proposeront des traitements adapt\u00e9s \u00e0 votre situation. En effet, le choix du traitement d\u00e9pendra de nombreux param\u00e8tres (type de cancer, r\u00e9sultats du <span class=\"tooltips \" style=\"\" title=\"Ensemble des examens visant \u00e0 \u00e9tablir l\u2019\u00e9tendue de la tumeur et \u00e0 rechercher une \u00e9ventuelle diss\u00e9mination des cellules tumorales (recherche de m\u00e9tastases).\"><strong><span style=\"color: #800080;\">bilan d&rsquo;extension<\/span><\/strong><\/span>, etc).<\/p>\n<p style=\"text-align: justify;\">Pour qu&rsquo;un traitement soit r\u00e9ellement adapt\u00e9 <strong>il est n\u00e9cessaire de r\u00e9aliser un diagnostic complet de la tumeur<\/strong> (voir<span style=\"color: #0000ff;\"><a style=\"color: #0000ff;\" href=\"http:\/\/cancer-chien-chat.vetagro-sup.fr\/index.php\/le-diagnostic\/\"> la section diagnostic<\/a><\/span>). Les traitements pourront \u00eatre combin\u00e9s pour maximiser leur efficacit\u00e9. L&rsquo;objectif est d&rsquo;obtenir un traitement efficace et qui apporte un r\u00e9el b\u00e9n\u00e9fice \u00e0 votre animal avec des effets secondaires qui restent minimes.<\/p>\n<p>&nbsp;<\/p>\n<p><img loading=\"lazy\" decoding=\"async\" class=\"size-full wp-image-464 aligncenter\" src=\"http:\/\/cancer-chien-chat.vetagro-sup.fr\/wp-content\/uploads\/2018\/08\/sch\u00e9mas-accueil-traitement.png\" alt=\"\" width=\"696\" height=\"695\" srcset=\"http:\/\/cancer-chien-chat.vetagro-sup.fr\/wp-content\/uploads\/2018\/08\/sch\u00e9mas-accueil-traitement.png 696w, http:\/\/cancer-chien-chat.vetagro-sup.fr\/wp-content\/uploads\/2018\/08\/sch\u00e9mas-accueil-traitement-150x150.png 150w, http:\/\/cancer-chien-chat.vetagro-sup.fr\/wp-content\/uploads\/2018\/08\/sch\u00e9mas-accueil-traitement-300x300.png 300w, http:\/\/cancer-chien-chat.vetagro-sup.fr\/wp-content\/uploads\/2018\/08\/sch\u00e9mas-accueil-traitement-100x100.png 100w\" sizes=\"auto, (max-width: 696px) 100vw, 696px\" \/><\/p>\n<p>&nbsp;<\/p>\n<p><strong><u>Au sein de la section traitement<\/u><\/strong><strong> :<\/strong><\/p>\n<h4><span style=\"color: #ff6600;\"><a style=\"color: #ff6600;\" href=\"http:\/\/cancer-chien-chat.vetagro-sup.fr\/index.php\/la-chirurgie\/\"><strong>La chirurgie<br \/>\n<\/strong><\/a><\/span><a href=\"http:\/\/cancer-chien-chat.vetagro-sup.fr\/index.php\/la-chimiotherapie-conventionnelle\/\"><strong><span style=\"color: #ff6600;\">La chimioth\u00e9rapie conventionnelle<br \/>\n<\/span><\/strong><\/a><a href=\"http:\/\/cancer-chien-chat.vetagro-sup.fr\/index.php\/la-radiotherapie\/\"><strong><span style=\"color: #ff6600;\">La radioth\u00e9rapie<br \/>\n<\/span><\/strong><\/a><a href=\"http:\/\/cancer-chien-chat.vetagro-sup.fr\/index.php\/la-chimiotherapie-metronomique\/\"><strong><span style=\"color: #ff6600;\">La chimioth\u00e9rapie m\u00e9tronomique<br \/>\n<\/span><\/strong><\/a><a href=\"http:\/\/cancer-chien-chat.vetagro-sup.fr\/index.php\/limmunotherapie-anti-tumorale\/\"><strong><span style=\"color: #ff6600;\">L&rsquo;immunoth\u00e9rapie anti-tumorale<br \/>\n<\/span><\/strong><\/a><strong><span style=\"color: #ff6600;\">Les traitements de support :<\/span><\/strong><\/h4>\n<h6 style=\"padding-left: 60px;\"><span style=\"color: #00ffff;\"><a style=\"color: #00ffff;\" href=\"http:\/\/cancer-chien-chat.vetagro-sup.fr\/index.php\/la-gestion-de-la-douleur\/\">La reconnaissance et la gestion de la douleur<\/a><\/span><br \/>\n<span style=\"color: #00ffff;\"><a style=\"color: #00ffff;\" href=\"http:\/\/cancer-chien-chat.vetagro-sup.fr\/index.php\/la-nutrition-de-lanimal-cancereux\/\">Le soutient nutritionnel<\/a><\/span><\/h6>\n<p>&nbsp;<\/p>\n<p>&nbsp;<\/p>\n","protected":false},"excerpt":{"rendered":"<p>Les traitements &nbsp; Bienvenue dans la section consacr\u00e9e aux traitements employ\u00e9s en oncologie v\u00e9t\u00e9rinaire. Les trois th\u00e9rapies les plus r\u00e9pandues sont la chirurgie, la chimioth\u00e9rapie conventionnelle\u00a0et la radioth\u00e9rapie. Ce ne sont toutefois pas les seules th\u00e9rapies qui existent, parmi les autres traitements on compte la , l&rsquo;immunoth\u00e9rapie, les inhibiteurs des tyrosine-kinases, etc. Les deux derni\u00e8res &hellip; <\/p>\n<p class=\"link-more\"><a href=\"http:\/\/cancer-chien-chat.vetagro-sup.fr\/index.php\/les-traitements-des-tumeurs\/\" class=\"more-link\">Continuer la lecture<span class=\"screen-reader-text\"> de &laquo;&nbsp;Les traitements&nbsp;&raquo;<\/span><\/a><\/p>\n","protected":false},"author":2,"featured_media":0,"parent":0,"menu_order":0,"comment_status":"closed","ping_status":"closed","template":"","meta":{"footnotes":""},"class_list":["post-209","page","type-page","status-publish","hentry"],"yoast_head":"<!-- This site is optimized with the Yoast SEO plugin v27.4 - https:\/\/yoast.com\/product\/yoast-seo-wordpress\/ -->\n<title>Les traitements - Mon Animal et son Cancer<\/title>\n<meta name=\"robots\" content=\"index, follow, max-snippet:-1, max-image-preview:large, max-video-preview:-1\" \/>\n<link rel=\"canonical\" href=\"http:\/\/cancer-chien-chat.vetagro-sup.fr\/index.php\/les-traitements-des-tumeurs\/\" \/>\n<meta property=\"og:locale\" content=\"fr_FR\" \/>\n<meta property=\"og:type\" content=\"article\" \/>\n<meta property=\"og:title\" content=\"Les traitements - Mon Animal et son Cancer\" \/>\n<meta property=\"og:description\" content=\"Les traitements &nbsp; Bienvenue dans la section consacr\u00e9e aux traitements employ\u00e9s en oncologie v\u00e9t\u00e9rinaire. Les trois th\u00e9rapies les plus r\u00e9pandues sont la chirurgie, la chimioth\u00e9rapie conventionnelle\u00a0et la radioth\u00e9rapie. Ce ne sont toutefois pas les seules th\u00e9rapies qui existent, parmi les autres traitements on compte la , l&rsquo;immunoth\u00e9rapie, les inhibiteurs des tyrosine-kinases, etc. Les deux derni\u00e8res &hellip; Continuer la lecture de &laquo;&nbsp;Les traitements&nbsp;&raquo;\" \/>\n<meta property=\"og:url\" content=\"http:\/\/cancer-chien-chat.vetagro-sup.fr\/index.php\/les-traitements-des-tumeurs\/\" \/>\n<meta property=\"og:site_name\" content=\"Mon Animal et son Cancer\" \/>\n<meta property=\"article:modified_time\" content=\"2018-09-27T08:01:27+00:00\" \/>\n<meta name=\"twitter:card\" content=\"summary_large_image\" \/>\n<meta name=\"twitter:label1\" content=\"Dur\u00e9e de lecture estim\u00e9e\" \/>\n\t<meta name=\"twitter:data1\" content=\"2 minutes\" \/>\n<script type=\"application\/ld+json\" class=\"yoast-schema-graph\">{\"@context\":\"https:\\\/\\\/schema.org\",\"@graph\":[{\"@type\":\"WebPage\",\"@id\":\"http:\\\/\\\/cancer-chien-chat.vetagro-sup.fr\\\/index.php\\\/les-traitements-des-tumeurs\\\/\",\"url\":\"http:\\\/\\\/cancer-chien-chat.vetagro-sup.fr\\\/index.php\\\/les-traitements-des-tumeurs\\\/\",\"name\":\"Les traitements - Mon Animal et son Cancer\",\"isPartOf\":{\"@id\":\"http:\\\/\\\/cancer-chien-chat.vetagro-sup.fr\\\/#website\"},\"datePublished\":\"2018-07-11T08:18:04+00:00\",\"dateModified\":\"2018-09-27T08:01:27+00:00\",\"breadcrumb\":{\"@id\":\"http:\\\/\\\/cancer-chien-chat.vetagro-sup.fr\\\/index.php\\\/les-traitements-des-tumeurs\\\/#breadcrumb\"},\"inLanguage\":\"fr-FR\",\"potentialAction\":[{\"@type\":\"ReadAction\",\"target\":[\"http:\\\/\\\/cancer-chien-chat.vetagro-sup.fr\\\/index.php\\\/les-traitements-des-tumeurs\\\/\"]}]},{\"@type\":\"BreadcrumbList\",\"@id\":\"http:\\\/\\\/cancer-chien-chat.vetagro-sup.fr\\\/index.php\\\/les-traitements-des-tumeurs\\\/#breadcrumb\",\"itemListElement\":[{\"@type\":\"ListItem\",\"position\":1,\"name\":\"Accueil\",\"item\":\"http:\\\/\\\/cancer-chien-chat.vetagro-sup.fr\\\/\"},{\"@type\":\"ListItem\",\"position\":2,\"name\":\"Les traitements\"}]},{\"@type\":\"WebSite\",\"@id\":\"http:\\\/\\\/cancer-chien-chat.vetagro-sup.fr\\\/#website\",\"url\":\"http:\\\/\\\/cancer-chien-chat.vetagro-sup.fr\\\/\",\"name\":\"Mon Animal et son Cancer\",\"description\":\"Site de canc\u00e9rologie v\u00e9t\u00e9rinaire destin\u00e9 aux propri\u00e9taires de chiens et de chats atteints d&#039;un cancer.\",\"potentialAction\":[{\"@type\":\"SearchAction\",\"target\":{\"@type\":\"EntryPoint\",\"urlTemplate\":\"http:\\\/\\\/cancer-chien-chat.vetagro-sup.fr\\\/?s={search_term_string}\"},\"query-input\":{\"@type\":\"PropertyValueSpecification\",\"valueRequired\":true,\"valueName\":\"search_term_string\"}}],\"inLanguage\":\"fr-FR\"}]}<\/script>\n<!-- \/ Yoast SEO plugin. -->","yoast_head_json":{"title":"Les traitements - Mon Animal et son Cancer","robots":{"index":"index","follow":"follow","max-snippet":"max-snippet:-1","max-image-preview":"max-image-preview:large","max-video-preview":"max-video-preview:-1"},"canonical":"http:\/\/cancer-chien-chat.vetagro-sup.fr\/index.php\/les-traitements-des-tumeurs\/","og_locale":"fr_FR","og_type":"article","og_title":"Les traitements - Mon Animal et son Cancer","og_description":"Les traitements &nbsp; Bienvenue dans la section consacr\u00e9e aux traitements employ\u00e9s en oncologie v\u00e9t\u00e9rinaire. Les trois th\u00e9rapies les plus r\u00e9pandues sont la chirurgie, la chimioth\u00e9rapie conventionnelle\u00a0et la radioth\u00e9rapie. Ce ne sont toutefois pas les seules th\u00e9rapies qui existent, parmi les autres traitements on compte la , l&rsquo;immunoth\u00e9rapie, les inhibiteurs des tyrosine-kinases, etc. Les deux derni\u00e8res &hellip; Continuer la lecture de &laquo;&nbsp;Les traitements&nbsp;&raquo;","og_url":"http:\/\/cancer-chien-chat.vetagro-sup.fr\/index.php\/les-traitements-des-tumeurs\/","og_site_name":"Mon Animal et son Cancer","article_modified_time":"2018-09-27T08:01:27+00:00","twitter_card":"summary_large_image","twitter_misc":{"Dur\u00e9e de lecture estim\u00e9e":"2 minutes"},"schema":{"@context":"https:\/\/schema.org","@graph":[{"@type":"WebPage","@id":"http:\/\/cancer-chien-chat.vetagro-sup.fr\/index.php\/les-traitements-des-tumeurs\/","url":"http:\/\/cancer-chien-chat.vetagro-sup.fr\/index.php\/les-traitements-des-tumeurs\/","name":"Les traitements - Mon Animal et son Cancer","isPartOf":{"@id":"http:\/\/cancer-chien-chat.vetagro-sup.fr\/#website"},"datePublished":"2018-07-11T08:18:04+00:00","dateModified":"2018-09-27T08:01:27+00:00","breadcrumb":{"@id":"http:\/\/cancer-chien-chat.vetagro-sup.fr\/index.php\/les-traitements-des-tumeurs\/#breadcrumb"},"inLanguage":"fr-FR","potentialAction":[{"@type":"ReadAction","target":["http:\/\/cancer-chien-chat.vetagro-sup.fr\/index.php\/les-traitements-des-tumeurs\/"]}]},{"@type":"BreadcrumbList","@id":"http:\/\/cancer-chien-chat.vetagro-sup.fr\/index.php\/les-traitements-des-tumeurs\/#breadcrumb","itemListElement":[{"@type":"ListItem","position":1,"name":"Accueil","item":"http:\/\/cancer-chien-chat.vetagro-sup.fr\/"},{"@type":"ListItem","position":2,"name":"Les traitements"}]},{"@type":"WebSite","@id":"http:\/\/cancer-chien-chat.vetagro-sup.fr\/#website","url":"http:\/\/cancer-chien-chat.vetagro-sup.fr\/","name":"Mon Animal et son Cancer","description":"Site de canc\u00e9rologie v\u00e9t\u00e9rinaire destin\u00e9 aux propri\u00e9taires de chiens et de chats atteints d&#039;un cancer.","potentialAction":[{"@type":"SearchAction","target":{"@type":"EntryPoint","urlTemplate":"http:\/\/cancer-chien-chat.vetagro-sup.fr\/?s={search_term_string}"},"query-input":{"@type":"PropertyValueSpecification","valueRequired":true,"valueName":"search_term_string"}}],"inLanguage":"fr-FR"}]}},"_links":{"self":[{"href":"http:\/\/cancer-chien-chat.vetagro-sup.fr\/index.php\/wp-json\/wp\/v2\/pages\/209","targetHints":{"allow":["GET"]}}],"collection":[{"href":"http:\/\/cancer-chien-chat.vetagro-sup.fr\/index.php\/wp-json\/wp\/v2\/pages"}],"about":[{"href":"http:\/\/cancer-chien-chat.vetagro-sup.fr\/index.php\/wp-json\/wp\/v2\/types\/page"}],"author":[{"embeddable":true,"href":"http:\/\/cancer-chien-chat.vetagro-sup.fr\/index.php\/wp-json\/wp\/v2\/users\/2"}],"replies":[{"embeddable":true,"href":"http:\/\/cancer-chien-chat.vetagro-sup.fr\/index.php\/wp-json\/wp\/v2\/comments?post=209"}],"version-history":[{"count":9,"href":"http:\/\/cancer-chien-chat.vetagro-sup.fr\/index.php\/wp-json\/wp\/v2\/pages\/209\/revisions"}],"predecessor-version":[{"id":905,"href":"http:\/\/cancer-chien-chat.vetagro-sup.fr\/index.php\/wp-json\/wp\/v2\/pages\/209\/revisions\/905"}],"wp:attachment":[{"href":"http:\/\/cancer-chien-chat.vetagro-sup.fr\/index.php\/wp-json\/wp\/v2\/media?parent=209"}],"curies":[{"name":"wp","href":"https:\/\/api.w.org\/{rel}","templated":true}]}}