{"id":186,"date":"2018-07-11T10:07:55","date_gmt":"2018-07-11T08:07:55","guid":{"rendered":"http:\/\/cancer-chien-chat.vetagro-sup.fr\/?page_id=186"},"modified":"2018-11-27T17:12:37","modified_gmt":"2018-11-27T16:12:37","slug":"quest-ce-quun-specialiste-en-oncologie-veterinaire","status":"publish","type":"page","link":"http:\/\/cancer-chien-chat.vetagro-sup.fr\/index.php\/quest-ce-quun-specialiste-en-oncologie-veterinaire\/","title":{"rendered":"Qu&rsquo;est-ce qu&rsquo;un sp\u00e9cialiste en canc\u00e9rologie v\u00e9t\u00e9rinaire ?"},"content":{"rendered":"<h1 style=\"text-align: center;\"><span style=\"color: #ff6600;\"><strong>Qu&rsquo;est-ce qu&rsquo;un sp\u00e9cialiste<br \/>\nen canc\u00e9rologie v\u00e9t\u00e9rinaire ?<\/strong><\/span><\/h1>\n<p>&nbsp;<\/p>\n<p style=\"text-align: justify;\">Si tous les v\u00e9t\u00e9rinaires ont des connaissances en canc\u00e9rologie li\u00e9s \u00e0 leur formation g\u00e9n\u00e9rale et que beaucoup sont en mesure de proposer des traitements chirurgicaux classiques, voire m\u00eame de r\u00e9aliser de la chimioth\u00e9rapie, il existe, pour l&rsquo;instant, peu de v\u00e9t\u00e9rinaires\u00a0<strong>sp\u00e9cialistes en canc\u00e9rologie v\u00e9t\u00e9rinaire<\/strong>.<\/p>\n<p style=\"text-align: justify;\">Ce titre s\u2019obtient <strong>apr\u00e8s une formation<\/strong> de 3 ans dans des centres de formation <strong>agr\u00e9\u00e9s<\/strong> par le Coll\u00e8ge Europ\u00e9en de M\u00e9decine Interne V\u00e9t\u00e9rinaire (<span class=\"tooltips \" style=\"\" title=\"European College of Vetarinary Internal Medecine - Companion Animals\"><span style=\"color: #800080;\"><strong>ECVIM-CA<\/strong><\/span><\/span>). La <strong>reconnaissance<\/strong> est alors <strong>europ\u00e9enne<\/strong>, il n\u2019existe pas d\u2019autres formations de sp\u00e9cialistes en canc\u00e9rologie v\u00e9t\u00e9rinaire. Ce dipl\u00f4me europ\u00e9en est reconnu par la France.<\/p>\n<p style=\"text-align: justify;\">Cette formation est accessible aux Dr v\u00e9t\u00e9rinaires dipl\u00f4m\u00e9s et ayant d\u00e9j\u00e0 r\u00e9alis\u00e9 1 ann\u00e9e d&rsquo;internat apr\u00e8s l&rsquo;obtention du doctorat v\u00e9t\u00e9rinaire.<\/p>\n<p style=\"text-align: justify;\">Un seul site de formation de ces sp\u00e9cialistes existe en France, actuellement. Il est situ\u00e9 \u00e0 Marcy L\u2019Etoile \u00e0 l\u2019\u00e9cole V\u00e9t\u00e9rinaire de Lyon au sein de Vetagro Sup et la formation est dirig\u00e9e par le Pr. PONCE.<\/p>\n<p style=\"text-align: justify;\">La sp\u00e9cialit\u00e9 de radioth\u00e9rapeute est encadr\u00e9e par \u00a0le Coll\u00e8ge Am\u00e9ricain de Radiologie V\u00e9t\u00e9rinaire-Radio-Oncologie et au niveau europ\u00e9en par le biais de la formation intitul\u00e9e \u00ab\u00a0Add on radiation oncology programme\u00a0\u00bb. La formation europ\u00e9enne n&rsquo;est accessible qu&rsquo;aux dipl\u00f4m\u00e9s du coll\u00e8ge europ\u00e9en en imagerie m\u00e9dicale ou en m\u00e9decine interne sous certaines conditions (sp\u00e9cialistes dipl\u00f4m\u00e9s du coll\u00e8ge am\u00e9ricain de Radiologie V\u00e9t\u00e9rinaire Radio-Oncologie ou aux sp\u00e9cialistes disposants d&rsquo;une exp\u00e9rience cons\u00e9quente en radioth\u00e9rapie, d&rsquo;une activit\u00e9 consacr\u00e9e majoritairement \u00e0 la radioth\u00e9rapie et ayant publi\u00e9s plusieurs fois dans des journaux de r\u00e9f\u00e9rence).<\/p>\n","protected":false},"excerpt":{"rendered":"<p>Qu&rsquo;est-ce qu&rsquo;un sp\u00e9cialiste en canc\u00e9rologie v\u00e9t\u00e9rinaire ? &nbsp; Si tous les v\u00e9t\u00e9rinaires ont des connaissances en canc\u00e9rologie li\u00e9s \u00e0 leur formation g\u00e9n\u00e9rale et que beaucoup sont en mesure de proposer des traitements chirurgicaux classiques, voire m\u00eame de r\u00e9aliser de la chimioth\u00e9rapie, il existe, pour l&rsquo;instant, peu de v\u00e9t\u00e9rinaires\u00a0sp\u00e9cialistes en canc\u00e9rologie v\u00e9t\u00e9rinaire. Ce titre s\u2019obtient apr\u00e8s &hellip; <\/p>\n<p class=\"link-more\"><a href=\"http:\/\/cancer-chien-chat.vetagro-sup.fr\/index.php\/quest-ce-quun-specialiste-en-oncologie-veterinaire\/\" class=\"more-link\">Continuer la lecture<span class=\"screen-reader-text\"> de &laquo;&nbsp;Qu&rsquo;est-ce qu&rsquo;un sp\u00e9cialiste en canc\u00e9rologie v\u00e9t\u00e9rinaire ?&nbsp;&raquo;<\/span><\/a><\/p>\n","protected":false},"author":2,"featured_media":0,"parent":0,"menu_order":0,"comment_status":"closed","ping_status":"closed","template":"","meta":{"footnotes":""},"class_list":["post-186","page","type-page","status-publish","hentry"],"yoast_head":"<!-- This site is optimized with the Yoast SEO plugin v27.4 - https:\/\/yoast.com\/product\/yoast-seo-wordpress\/ -->\n<title>Qu&#039;est-ce qu&#039;un sp\u00e9cialiste en canc\u00e9rologie v\u00e9t\u00e9rinaire ? - Mon Animal et son Cancer<\/title>\n<meta name=\"robots\" content=\"index, follow, max-snippet:-1, max-image-preview:large, max-video-preview:-1\" \/>\n<link rel=\"canonical\" href=\"http:\/\/cancer-chien-chat.vetagro-sup.fr\/index.php\/quest-ce-quun-specialiste-en-oncologie-veterinaire\/\" \/>\n<meta property=\"og:locale\" content=\"fr_FR\" \/>\n<meta property=\"og:type\" content=\"article\" \/>\n<meta property=\"og:title\" content=\"Qu&#039;est-ce qu&#039;un sp\u00e9cialiste en canc\u00e9rologie v\u00e9t\u00e9rinaire ? - Mon Animal et son Cancer\" \/>\n<meta property=\"og:description\" content=\"Qu&rsquo;est-ce qu&rsquo;un sp\u00e9cialiste en canc\u00e9rologie v\u00e9t\u00e9rinaire ? &nbsp; Si tous les v\u00e9t\u00e9rinaires ont des connaissances en canc\u00e9rologie li\u00e9s \u00e0 leur formation g\u00e9n\u00e9rale et que beaucoup sont en mesure de proposer des traitements chirurgicaux classiques, voire m\u00eame de r\u00e9aliser de la chimioth\u00e9rapie, il existe, pour l&rsquo;instant, peu de v\u00e9t\u00e9rinaires\u00a0sp\u00e9cialistes en canc\u00e9rologie v\u00e9t\u00e9rinaire. Ce titre s\u2019obtient apr\u00e8s &hellip; Continuer la lecture de &laquo;&nbsp;Qu&rsquo;est-ce qu&rsquo;un sp\u00e9cialiste en canc\u00e9rologie v\u00e9t\u00e9rinaire ?&nbsp;&raquo;\" \/>\n<meta property=\"og:url\" content=\"http:\/\/cancer-chien-chat.vetagro-sup.fr\/index.php\/quest-ce-quun-specialiste-en-oncologie-veterinaire\/\" \/>\n<meta property=\"og:site_name\" content=\"Mon Animal et son Cancer\" \/>\n<meta property=\"article:modified_time\" content=\"2018-11-27T16:12:37+00:00\" \/>\n<meta name=\"twitter:card\" content=\"summary_large_image\" \/>\n<meta name=\"twitter:label1\" content=\"Dur\u00e9e de lecture estim\u00e9e\" \/>\n\t<meta name=\"twitter:data1\" content=\"2 minutes\" \/>\n<script type=\"application\/ld+json\" class=\"yoast-schema-graph\">{\"@context\":\"https:\\\/\\\/schema.org\",\"@graph\":[{\"@type\":\"WebPage\",\"@id\":\"http:\\\/\\\/cancer-chien-chat.vetagro-sup.fr\\\/index.php\\\/quest-ce-quun-specialiste-en-oncologie-veterinaire\\\/\",\"url\":\"http:\\\/\\\/cancer-chien-chat.vetagro-sup.fr\\\/index.php\\\/quest-ce-quun-specialiste-en-oncologie-veterinaire\\\/\",\"name\":\"Qu'est-ce qu'un sp\u00e9cialiste en canc\u00e9rologie v\u00e9t\u00e9rinaire ? - Mon Animal et son Cancer\",\"isPartOf\":{\"@id\":\"http:\\\/\\\/cancer-chien-chat.vetagro-sup.fr\\\/#website\"},\"datePublished\":\"2018-07-11T08:07:55+00:00\",\"dateModified\":\"2018-11-27T16:12:37+00:00\",\"breadcrumb\":{\"@id\":\"http:\\\/\\\/cancer-chien-chat.vetagro-sup.fr\\\/index.php\\\/quest-ce-quun-specialiste-en-oncologie-veterinaire\\\/#breadcrumb\"},\"inLanguage\":\"fr-FR\",\"potentialAction\":[{\"@type\":\"ReadAction\",\"target\":[\"http:\\\/\\\/cancer-chien-chat.vetagro-sup.fr\\\/index.php\\\/quest-ce-quun-specialiste-en-oncologie-veterinaire\\\/\"]}]},{\"@type\":\"BreadcrumbList\",\"@id\":\"http:\\\/\\\/cancer-chien-chat.vetagro-sup.fr\\\/index.php\\\/quest-ce-quun-specialiste-en-oncologie-veterinaire\\\/#breadcrumb\",\"itemListElement\":[{\"@type\":\"ListItem\",\"position\":1,\"name\":\"Accueil\",\"item\":\"http:\\\/\\\/cancer-chien-chat.vetagro-sup.fr\\\/\"},{\"@type\":\"ListItem\",\"position\":2,\"name\":\"Qu&rsquo;est-ce qu&rsquo;un sp\u00e9cialiste en canc\u00e9rologie v\u00e9t\u00e9rinaire ?\"}]},{\"@type\":\"WebSite\",\"@id\":\"http:\\\/\\\/cancer-chien-chat.vetagro-sup.fr\\\/#website\",\"url\":\"http:\\\/\\\/cancer-chien-chat.vetagro-sup.fr\\\/\",\"name\":\"Mon Animal et son Cancer\",\"description\":\"Site de canc\u00e9rologie v\u00e9t\u00e9rinaire destin\u00e9 aux propri\u00e9taires de chiens et de chats atteints d&#039;un cancer.\",\"potentialAction\":[{\"@type\":\"SearchAction\",\"target\":{\"@type\":\"EntryPoint\",\"urlTemplate\":\"http:\\\/\\\/cancer-chien-chat.vetagro-sup.fr\\\/?s={search_term_string}\"},\"query-input\":{\"@type\":\"PropertyValueSpecification\",\"valueRequired\":true,\"valueName\":\"search_term_string\"}}],\"inLanguage\":\"fr-FR\"}]}<\/script>\n<!-- \/ Yoast SEO plugin. -->","yoast_head_json":{"title":"Qu'est-ce qu'un sp\u00e9cialiste en canc\u00e9rologie v\u00e9t\u00e9rinaire ? - Mon Animal et son Cancer","robots":{"index":"index","follow":"follow","max-snippet":"max-snippet:-1","max-image-preview":"max-image-preview:large","max-video-preview":"max-video-preview:-1"},"canonical":"http:\/\/cancer-chien-chat.vetagro-sup.fr\/index.php\/quest-ce-quun-specialiste-en-oncologie-veterinaire\/","og_locale":"fr_FR","og_type":"article","og_title":"Qu'est-ce qu'un sp\u00e9cialiste en canc\u00e9rologie v\u00e9t\u00e9rinaire ? - Mon Animal et son Cancer","og_description":"Qu&rsquo;est-ce qu&rsquo;un sp\u00e9cialiste en canc\u00e9rologie v\u00e9t\u00e9rinaire ? &nbsp; Si tous les v\u00e9t\u00e9rinaires ont des connaissances en canc\u00e9rologie li\u00e9s \u00e0 leur formation g\u00e9n\u00e9rale et que beaucoup sont en mesure de proposer des traitements chirurgicaux classiques, voire m\u00eame de r\u00e9aliser de la chimioth\u00e9rapie, il existe, pour l&rsquo;instant, peu de v\u00e9t\u00e9rinaires\u00a0sp\u00e9cialistes en canc\u00e9rologie v\u00e9t\u00e9rinaire. Ce titre s\u2019obtient apr\u00e8s &hellip; Continuer la lecture de &laquo;&nbsp;Qu&rsquo;est-ce qu&rsquo;un sp\u00e9cialiste en canc\u00e9rologie v\u00e9t\u00e9rinaire ?&nbsp;&raquo;","og_url":"http:\/\/cancer-chien-chat.vetagro-sup.fr\/index.php\/quest-ce-quun-specialiste-en-oncologie-veterinaire\/","og_site_name":"Mon Animal et son Cancer","article_modified_time":"2018-11-27T16:12:37+00:00","twitter_card":"summary_large_image","twitter_misc":{"Dur\u00e9e de lecture estim\u00e9e":"2 minutes"},"schema":{"@context":"https:\/\/schema.org","@graph":[{"@type":"WebPage","@id":"http:\/\/cancer-chien-chat.vetagro-sup.fr\/index.php\/quest-ce-quun-specialiste-en-oncologie-veterinaire\/","url":"http:\/\/cancer-chien-chat.vetagro-sup.fr\/index.php\/quest-ce-quun-specialiste-en-oncologie-veterinaire\/","name":"Qu'est-ce qu'un sp\u00e9cialiste en canc\u00e9rologie v\u00e9t\u00e9rinaire ? - Mon Animal et son Cancer","isPartOf":{"@id":"http:\/\/cancer-chien-chat.vetagro-sup.fr\/#website"},"datePublished":"2018-07-11T08:07:55+00:00","dateModified":"2018-11-27T16:12:37+00:00","breadcrumb":{"@id":"http:\/\/cancer-chien-chat.vetagro-sup.fr\/index.php\/quest-ce-quun-specialiste-en-oncologie-veterinaire\/#breadcrumb"},"inLanguage":"fr-FR","potentialAction":[{"@type":"ReadAction","target":["http:\/\/cancer-chien-chat.vetagro-sup.fr\/index.php\/quest-ce-quun-specialiste-en-oncologie-veterinaire\/"]}]},{"@type":"BreadcrumbList","@id":"http:\/\/cancer-chien-chat.vetagro-sup.fr\/index.php\/quest-ce-quun-specialiste-en-oncologie-veterinaire\/#breadcrumb","itemListElement":[{"@type":"ListItem","position":1,"name":"Accueil","item":"http:\/\/cancer-chien-chat.vetagro-sup.fr\/"},{"@type":"ListItem","position":2,"name":"Qu&rsquo;est-ce qu&rsquo;un sp\u00e9cialiste en canc\u00e9rologie v\u00e9t\u00e9rinaire ?"}]},{"@type":"WebSite","@id":"http:\/\/cancer-chien-chat.vetagro-sup.fr\/#website","url":"http:\/\/cancer-chien-chat.vetagro-sup.fr\/","name":"Mon Animal et son Cancer","description":"Site de canc\u00e9rologie v\u00e9t\u00e9rinaire destin\u00e9 aux propri\u00e9taires de chiens et de chats atteints d&#039;un cancer.","potentialAction":[{"@type":"SearchAction","target":{"@type":"EntryPoint","urlTemplate":"http:\/\/cancer-chien-chat.vetagro-sup.fr\/?s={search_term_string}"},"query-input":{"@type":"PropertyValueSpecification","valueRequired":true,"valueName":"search_term_string"}}],"inLanguage":"fr-FR"}]}},"_links":{"self":[{"href":"http:\/\/cancer-chien-chat.vetagro-sup.fr\/index.php\/wp-json\/wp\/v2\/pages\/186","targetHints":{"allow":["GET"]}}],"collection":[{"href":"http:\/\/cancer-chien-chat.vetagro-sup.fr\/index.php\/wp-json\/wp\/v2\/pages"}],"about":[{"href":"http:\/\/cancer-chien-chat.vetagro-sup.fr\/index.php\/wp-json\/wp\/v2\/types\/page"}],"author":[{"embeddable":true,"href":"http:\/\/cancer-chien-chat.vetagro-sup.fr\/index.php\/wp-json\/wp\/v2\/users\/2"}],"replies":[{"embeddable":true,"href":"http:\/\/cancer-chien-chat.vetagro-sup.fr\/index.php\/wp-json\/wp\/v2\/comments?post=186"}],"version-history":[{"count":6,"href":"http:\/\/cancer-chien-chat.vetagro-sup.fr\/index.php\/wp-json\/wp\/v2\/pages\/186\/revisions"}],"predecessor-version":[{"id":991,"href":"http:\/\/cancer-chien-chat.vetagro-sup.fr\/index.php\/wp-json\/wp\/v2\/pages\/186\/revisions\/991"}],"wp:attachment":[{"href":"http:\/\/cancer-chien-chat.vetagro-sup.fr\/index.php\/wp-json\/wp\/v2\/media?parent=186"}],"curies":[{"name":"wp","href":"https:\/\/api.w.org\/{rel}","templated":true}]}}