{"id":182,"date":"2018-07-11T10:05:33","date_gmt":"2018-07-11T08:05:33","guid":{"rendered":"http:\/\/cancer-chien-chat.vetagro-sup.fr\/?page_id=182"},"modified":"2018-09-26T17:04:35","modified_gmt":"2018-09-26T15:04:35","slug":"quest-ce-quun-cancer","status":"publish","type":"page","link":"http:\/\/cancer-chien-chat.vetagro-sup.fr\/index.php\/quest-ce-quun-cancer\/","title":{"rendered":"Qu&rsquo;est ce qu&rsquo;un cancer ?"},"content":{"rendered":"<h1 style=\"text-align: center;\"><span style=\"color: #ff6600;\"><strong>Qu&rsquo;est-ce qu&rsquo;un cancer ?<\/strong><\/span><\/h1>\n<h2 style=\"text-align: center;\"><span style=\"text-decoration: underline;\"><span style=\"color: #800080; text-decoration: underline;\"><strong>Quelle est l\u2019importance du cancer <\/strong><\/span><\/span><br \/>\n<span style=\"text-decoration: underline;\"> <span style=\"color: #800080; text-decoration: underline;\"><strong>chez nos animaux de compagnie\u00a0?<\/strong><\/span><\/span><\/h2>\n<p>&nbsp;<\/p>\n<p style=\"text-align: justify;\">Les cancers font partie des \u00a0premi\u00e8res pr\u00e9occupations des propri\u00e9taires d\u2019animaux de compagnie. Un chien sur 4 et un chat sur 5 d\u00e9velopperont un cancer au cours de leur vie et environ la moiti\u00e9 des d\u00e9c\u00e8s des chiens de plus de 10 ans est li\u00e9e \u00e0 un cancer ! Ce sont, en effet, des maladies fr\u00e9quentes de plus en plus souvent diagnostiqu\u00e9es.<\/p>\n<p style=\"text-align: justify;\">Ceci s\u2019explique d\u2019abord par l\u2019allongement de la dur\u00e9e de vie, car les chiens et chats sont aujourd\u2019hui mieux suivis m\u00e9dicalement et leurs conditions de vie ne sont plus les m\u00eames que par le pass\u00e9. En effet, nos compagnons \u00e0 quatre pattes sont souvent consid\u00e9r\u00e9s comme des membres importants du foyer familial augmentant le degr\u00e9 d&rsquo;attention qui leur est port\u00e9, en particulier en ce qui concerne leur sant\u00e9. En parall\u00e8le de cette \u00e9volution soci\u00e9tale, la m\u00e9decine v\u00e9t\u00e9rinaire a progress\u00e9 avec une \u00e9volution des connaissances et l\u2019emploi de technologies de pointe.<\/p>\n<p style=\"text-align: justify;\">Ces deux points combin\u00e9s permettent \u00e0 la fois une meilleure d\u00e9tection et une meilleure prise en charge des cancers, mais aussi des autres maladies. Enfin, la mise en place de moyens m\u00e9dicaux pr\u00e9ventifs \u00e0 l&rsquo;apparition de certaines maladies (la st\u00e9rilisation, l\u2019emploi d\u2019antiparasitaires&#8230;), contribue \u00e0 la bonne sant\u00e9 de nos animaux de compagnie. Ainsi, l\u2019allongement de l\u2019esp\u00e9rance de vie de nos animaux de compagnie conjugu\u00e9e \u00e0 une d\u00e9tection plus pr\u00e9coce et performante des cancers, explique, au moins en partie, que les cancers soient de plus en plus souvent diagnostiqu\u00e9s. S\u2019ajoutent \u00e0 cela des causes environnementales, qui peuvent, comme chez l\u2019homme, initier ou favoriser le d\u00e9veloppement de tumeurs.<\/p>\n<h2 style=\"text-align: center;\"><span style=\"text-decoration: underline;\"><span style=\"color: #800080; text-decoration: underline;\"><strong>On \u00e9voque souvent les mots tumeur ou cancer, <\/strong><\/span><\/span><br \/>\n<span style=\"text-decoration: underline;\"> <span style=\"color: #800080; text-decoration: underline;\"><strong> mais de quoi parle-t-on exactement\u00a0?<\/strong><\/span><\/span><\/h2>\n<h6 style=\"text-align: center;\">\u00a0<span style=\"color: #00ccff;\">D\u00e9finition d\u2019un cancer <\/span><br \/>\n<em><span style=\"color: #00ccff;\"><strong>(Adapt\u00e9e du Dictionnaire M\u00e9dical de l&rsquo;Acad\u00e9mie de M\u00e9decine) :<\/strong><\/span><\/em><\/h6>\n<p style=\"text-align: justify;\">Multiplication de certaines cellules de mani\u00e8re incontr\u00f4l\u00e9e r\u00e9sultant d&rsquo;un d\u00e9r\u00e8glement du contr\u00f4le de la croissance de ces cellules (par modification des g\u00e8nes ou des mol\u00e9cules r\u00e9gulant l&rsquo;activit\u00e9 des g\u00e8nes) pouvant occasionner leur diss\u00e9mination \u00e0 distance. Le cancer correspond \u00e0 une tumeur dite\u00a0 <em>maligne<\/em> ; Ce qui nous conduit \u00e0 d\u00e9finir le terme <em>tumeur<\/em>\u00a0et le terme <em>malignit\u00e9<\/em>.<\/p>\n<h6 style=\"text-align: center;\"><span style=\"color: #00ccff;\">D\u00e9finition d&rsquo;une tumeur :<\/span><\/h6>\n<p style=\"text-align: justify;\">Les\u00a0tumeurs\u00a0sont des masses compos\u00e9es de cellules en quantit\u00e9 excessive. Nous appellerons\u00a0<em>foyer primitif<\/em> ou <em>foyer primaire<\/em> la tumeur d\u2019origine et\u00a0<em>m\u00e9tastase<\/em> ou <em>foyer secondaire<\/em> un groupe de cellules qui s\u2019est implant\u00e9 dans les tissus \u00e0 distance de cette tumeur primitive.<\/p>\n<p style=\"text-align: justify;\">Par exemple, une v<span style=\"color: #333333;\">errue (appel\u00e9e scientifiquement \u00ab\u00a0papillome\u00a0\u00bb) est une tumeur mais c\u2019est une tumeur b\u00e9nigne. Nous\u00a0 distinguerons donc <strong>les tumeurs b\u00e9nignes<\/strong> et <strong>les tumeurs malignes.<\/strong><\/span><\/p>\n<p>&nbsp;<\/p>\n<h6 style=\"text-align: center;\"><span style=\"color: #00ccff;\">D\u00e9finition de la b\u00e9nignit\u00e9\/malignit\u00e9 <\/span><br \/>\n<span style=\"color: #00ccff;\"><em>(Adapt\u00e9e du <\/em><em>Dictionnaire M\u00e9dical de l&rsquo;Acad\u00e9mie de M\u00e9decine)<\/em> :<\/span><\/h6>\n<p style=\"text-align: justify;\"><strong><u>Malignit\u00e9<\/u><\/strong> : Une tumeur est dite <em>maligne<\/em>\u00a0si elle a la capacit\u00e9 d&rsquo;infiltrer les tissus adjacents et\/ou de se diss\u00e9miner c\u2019est \u00e0 dire de se r\u00e9pandre dans l\u2019organisme.<\/p>\n<p style=\"text-align: justify;\"><strong><u>B\u00e9nignit\u00e9<\/u><\/strong> : Par opposition \u00e0 <em>maligne<\/em>\u00a0on retrouve le terme <em>b\u00e9nigne<\/em>\u00a0d\u00e9signant une tumeur dont le d\u00e9veloppement est uniquement local et qui reste confin\u00e9e sans infiltrer les tissus adjacents et sans m\u00e9tastaser.<\/p>\n<p style=\"text-align: justify;\">Cepend<span style=\"color: #333333;\">ant, <strong>attention<\/strong> \u00e0 ne pas faire l\u2019<strong>amalgame<\/strong> entre une tumeur <strong>b\u00e9nigne<\/strong> et une tumeur <strong>inoffensive <\/strong>pour la vie de notre animal. En effet, m\u00eame en l\u2019absence de m\u00e9tastase une tumeur b\u00e9nigne peut avoir des cons\u00e9quences non n\u00e9gligeables, n<\/span>otamment lorsqu\u2019elle est mal localis\u00e9e. De plus, on suspecte que quelques rares tumeurs b\u00e9nignes puissent devenir des tumeurs malignes. Il ne faut donc pas n\u00e9gliger les tumeurs b\u00e9nignes en les laissant en place et prendre le risque qu\u2019elles \u00e9voluent mal.<\/p>\n<p style=\"text-align: justify;\">Les tumeurs ne sont pas du tout contagieuses pour l&rsquo;homme et ne sont transmissibles que dans de rare cas entre les animaux (la transmission entre animaux n&rsquo;est en effet observ\u00e9e que pour quelques tumeurs comme les tumeurs transmissibles par voie v\u00e9n\u00e9rienne ou encore la papillomatose).<\/p>\n<p style=\"text-align: justify;\">Pour plus d&rsquo;information concernant les ph\u00e9nom\u00e8nes conduisant \u00e0 l&rsquo;apparition de cancer, consulter la section <strong><span style=\"color: #0000ff;\"><a style=\"color: #0000ff;\" href=\"http:\/\/cancer-chien-chat.vetagro-sup.fr\/index.php\/comprendre-le-cancer\/\">Bases de biologie et de cancerologie<\/a><\/span><\/strong>.<\/p>\n","protected":false},"excerpt":{"rendered":"<p>Qu&rsquo;est-ce qu&rsquo;un cancer ? Quelle est l\u2019importance du cancer chez nos animaux de compagnie\u00a0? &nbsp; Les cancers font partie des \u00a0premi\u00e8res pr\u00e9occupations des propri\u00e9taires d\u2019animaux de compagnie. Un chien sur 4 et un chat sur 5 d\u00e9velopperont un cancer au cours de leur vie et environ la moiti\u00e9 des d\u00e9c\u00e8s des chiens de plus de &hellip; <\/p>\n<p class=\"link-more\"><a href=\"http:\/\/cancer-chien-chat.vetagro-sup.fr\/index.php\/quest-ce-quun-cancer\/\" class=\"more-link\">Continuer la lecture<span class=\"screen-reader-text\"> de &laquo;&nbsp;Qu&rsquo;est ce qu&rsquo;un cancer ?&nbsp;&raquo;<\/span><\/a><\/p>\n","protected":false},"author":2,"featured_media":0,"parent":0,"menu_order":0,"comment_status":"closed","ping_status":"closed","template":"","meta":{"footnotes":""},"class_list":["post-182","page","type-page","status-publish","hentry"],"yoast_head":"<!-- This site is optimized with the Yoast SEO plugin v27.6 - https:\/\/yoast.com\/product\/yoast-seo-wordpress\/ -->\n<title>Qu&#039;est ce qu&#039;un cancer ? - Mon Animal et son Cancer<\/title>\n<meta name=\"robots\" content=\"index, follow, max-snippet:-1, max-image-preview:large, max-video-preview:-1\" \/>\n<link rel=\"canonical\" href=\"http:\/\/cancer-chien-chat.vetagro-sup.fr\/index.php\/quest-ce-quun-cancer\/\" \/>\n<meta property=\"og:locale\" content=\"fr_FR\" \/>\n<meta property=\"og:type\" content=\"article\" \/>\n<meta property=\"og:title\" content=\"Qu&#039;est ce qu&#039;un cancer ? - Mon Animal et son Cancer\" \/>\n<meta property=\"og:description\" content=\"Qu&rsquo;est-ce qu&rsquo;un cancer ? Quelle est l\u2019importance du cancer chez nos animaux de compagnie\u00a0? &nbsp; Les cancers font partie des \u00a0premi\u00e8res pr\u00e9occupations des propri\u00e9taires d\u2019animaux de compagnie. Un chien sur 4 et un chat sur 5 d\u00e9velopperont un cancer au cours de leur vie et environ la moiti\u00e9 des d\u00e9c\u00e8s des chiens de plus de &hellip; Continuer la lecture de &laquo;&nbsp;Qu&rsquo;est ce qu&rsquo;un cancer ?&nbsp;&raquo;\" \/>\n<meta property=\"og:url\" content=\"http:\/\/cancer-chien-chat.vetagro-sup.fr\/index.php\/quest-ce-quun-cancer\/\" \/>\n<meta property=\"og:site_name\" content=\"Mon Animal et son Cancer\" \/>\n<meta property=\"article:modified_time\" content=\"2018-09-26T15:04:35+00:00\" \/>\n<meta name=\"twitter:card\" content=\"summary_large_image\" \/>\n<meta name=\"twitter:label1\" content=\"Dur\u00e9e de lecture estim\u00e9e\" \/>\n\t<meta name=\"twitter:data1\" content=\"4 minutes\" \/>\n<script type=\"application\/ld+json\" class=\"yoast-schema-graph\">{\"@context\":\"https:\\\/\\\/schema.org\",\"@graph\":[{\"@type\":\"WebPage\",\"@id\":\"http:\\\/\\\/cancer-chien-chat.vetagro-sup.fr\\\/index.php\\\/quest-ce-quun-cancer\\\/\",\"url\":\"http:\\\/\\\/cancer-chien-chat.vetagro-sup.fr\\\/index.php\\\/quest-ce-quun-cancer\\\/\",\"name\":\"Qu'est ce qu'un cancer ? - Mon Animal et son Cancer\",\"isPartOf\":{\"@id\":\"http:\\\/\\\/cancer-chien-chat.vetagro-sup.fr\\\/#website\"},\"datePublished\":\"2018-07-11T08:05:33+00:00\",\"dateModified\":\"2018-09-26T15:04:35+00:00\",\"breadcrumb\":{\"@id\":\"http:\\\/\\\/cancer-chien-chat.vetagro-sup.fr\\\/index.php\\\/quest-ce-quun-cancer\\\/#breadcrumb\"},\"inLanguage\":\"fr-FR\",\"potentialAction\":[{\"@type\":\"ReadAction\",\"target\":[\"http:\\\/\\\/cancer-chien-chat.vetagro-sup.fr\\\/index.php\\\/quest-ce-quun-cancer\\\/\"]}]},{\"@type\":\"BreadcrumbList\",\"@id\":\"http:\\\/\\\/cancer-chien-chat.vetagro-sup.fr\\\/index.php\\\/quest-ce-quun-cancer\\\/#breadcrumb\",\"itemListElement\":[{\"@type\":\"ListItem\",\"position\":1,\"name\":\"Accueil\",\"item\":\"http:\\\/\\\/cancer-chien-chat.vetagro-sup.fr\\\/\"},{\"@type\":\"ListItem\",\"position\":2,\"name\":\"Qu&rsquo;est ce qu&rsquo;un cancer ?\"}]},{\"@type\":\"WebSite\",\"@id\":\"http:\\\/\\\/cancer-chien-chat.vetagro-sup.fr\\\/#website\",\"url\":\"http:\\\/\\\/cancer-chien-chat.vetagro-sup.fr\\\/\",\"name\":\"Mon Animal et son Cancer\",\"description\":\"Site de canc\u00e9rologie v\u00e9t\u00e9rinaire destin\u00e9 aux propri\u00e9taires de chiens et de chats atteints d&#039;un cancer.\",\"potentialAction\":[{\"@type\":\"SearchAction\",\"target\":{\"@type\":\"EntryPoint\",\"urlTemplate\":\"http:\\\/\\\/cancer-chien-chat.vetagro-sup.fr\\\/?s={search_term_string}\"},\"query-input\":{\"@type\":\"PropertyValueSpecification\",\"valueRequired\":true,\"valueName\":\"search_term_string\"}}],\"inLanguage\":\"fr-FR\"}]}<\/script>\n<!-- \/ Yoast SEO plugin. -->","yoast_head_json":{"title":"Qu'est ce qu'un cancer ? - Mon Animal et son Cancer","robots":{"index":"index","follow":"follow","max-snippet":"max-snippet:-1","max-image-preview":"max-image-preview:large","max-video-preview":"max-video-preview:-1"},"canonical":"http:\/\/cancer-chien-chat.vetagro-sup.fr\/index.php\/quest-ce-quun-cancer\/","og_locale":"fr_FR","og_type":"article","og_title":"Qu'est ce qu'un cancer ? - Mon Animal et son Cancer","og_description":"Qu&rsquo;est-ce qu&rsquo;un cancer ? Quelle est l\u2019importance du cancer chez nos animaux de compagnie\u00a0? &nbsp; Les cancers font partie des \u00a0premi\u00e8res pr\u00e9occupations des propri\u00e9taires d\u2019animaux de compagnie. Un chien sur 4 et un chat sur 5 d\u00e9velopperont un cancer au cours de leur vie et environ la moiti\u00e9 des d\u00e9c\u00e8s des chiens de plus de &hellip; Continuer la lecture de &laquo;&nbsp;Qu&rsquo;est ce qu&rsquo;un cancer ?&nbsp;&raquo;","og_url":"http:\/\/cancer-chien-chat.vetagro-sup.fr\/index.php\/quest-ce-quun-cancer\/","og_site_name":"Mon Animal et son Cancer","article_modified_time":"2018-09-26T15:04:35+00:00","twitter_card":"summary_large_image","twitter_misc":{"Dur\u00e9e de lecture estim\u00e9e":"4 minutes"},"schema":{"@context":"https:\/\/schema.org","@graph":[{"@type":"WebPage","@id":"http:\/\/cancer-chien-chat.vetagro-sup.fr\/index.php\/quest-ce-quun-cancer\/","url":"http:\/\/cancer-chien-chat.vetagro-sup.fr\/index.php\/quest-ce-quun-cancer\/","name":"Qu'est ce qu'un cancer ? - Mon Animal et son Cancer","isPartOf":{"@id":"http:\/\/cancer-chien-chat.vetagro-sup.fr\/#website"},"datePublished":"2018-07-11T08:05:33+00:00","dateModified":"2018-09-26T15:04:35+00:00","breadcrumb":{"@id":"http:\/\/cancer-chien-chat.vetagro-sup.fr\/index.php\/quest-ce-quun-cancer\/#breadcrumb"},"inLanguage":"fr-FR","potentialAction":[{"@type":"ReadAction","target":["http:\/\/cancer-chien-chat.vetagro-sup.fr\/index.php\/quest-ce-quun-cancer\/"]}]},{"@type":"BreadcrumbList","@id":"http:\/\/cancer-chien-chat.vetagro-sup.fr\/index.php\/quest-ce-quun-cancer\/#breadcrumb","itemListElement":[{"@type":"ListItem","position":1,"name":"Accueil","item":"http:\/\/cancer-chien-chat.vetagro-sup.fr\/"},{"@type":"ListItem","position":2,"name":"Qu&rsquo;est ce qu&rsquo;un cancer ?"}]},{"@type":"WebSite","@id":"http:\/\/cancer-chien-chat.vetagro-sup.fr\/#website","url":"http:\/\/cancer-chien-chat.vetagro-sup.fr\/","name":"Mon Animal et son Cancer","description":"Site de canc\u00e9rologie v\u00e9t\u00e9rinaire destin\u00e9 aux propri\u00e9taires de chiens et de chats atteints d&#039;un cancer.","potentialAction":[{"@type":"SearchAction","target":{"@type":"EntryPoint","urlTemplate":"http:\/\/cancer-chien-chat.vetagro-sup.fr\/?s={search_term_string}"},"query-input":{"@type":"PropertyValueSpecification","valueRequired":true,"valueName":"search_term_string"}}],"inLanguage":"fr-FR"}]}},"_links":{"self":[{"href":"http:\/\/cancer-chien-chat.vetagro-sup.fr\/index.php\/wp-json\/wp\/v2\/pages\/182","targetHints":{"allow":["GET"]}}],"collection":[{"href":"http:\/\/cancer-chien-chat.vetagro-sup.fr\/index.php\/wp-json\/wp\/v2\/pages"}],"about":[{"href":"http:\/\/cancer-chien-chat.vetagro-sup.fr\/index.php\/wp-json\/wp\/v2\/types\/page"}],"author":[{"embeddable":true,"href":"http:\/\/cancer-chien-chat.vetagro-sup.fr\/index.php\/wp-json\/wp\/v2\/users\/2"}],"replies":[{"embeddable":true,"href":"http:\/\/cancer-chien-chat.vetagro-sup.fr\/index.php\/wp-json\/wp\/v2\/comments?post=182"}],"version-history":[{"count":10,"href":"http:\/\/cancer-chien-chat.vetagro-sup.fr\/index.php\/wp-json\/wp\/v2\/pages\/182\/revisions"}],"predecessor-version":[{"id":892,"href":"http:\/\/cancer-chien-chat.vetagro-sup.fr\/index.php\/wp-json\/wp\/v2\/pages\/182\/revisions\/892"}],"wp:attachment":[{"href":"http:\/\/cancer-chien-chat.vetagro-sup.fr\/index.php\/wp-json\/wp\/v2\/media?parent=182"}],"curies":[{"name":"wp","href":"https:\/\/api.w.org\/{rel}","templated":true}]}}